{"id":78,"date":"2016-04-21T15:23:15","date_gmt":"2016-04-21T20:23:15","guid":{"rendered":"https:\/\/mortarnet.com\/?page_id=78"},"modified":"2018-04-03T21:09:19","modified_gmt":"2018-04-04T02:09:19","slug":"privacy-policy","status":"publish","type":"page","link":"https:\/\/mortarnet.com\/es\/privacy-policy\/","title":{"rendered":"Pol\u00edtica de privacidad"},"content":{"rendered":"<div class=\"page-header\">\n<h2><strong>T\u00e9rminos y condiciones de uso del sitio web<\/strong><\/h2>\n<\/div>\n<div>\n<p class=\"p2\"><span class=\"s1\"><strong>1. T\u00e9rminos<\/strong><\/span><\/p>\n<p class=\"p3\"><span class=\"s1\">Al acceder a este sitio web, usted acepta estar sujeto a estos T\u00e9rminos y condiciones de uso del sitio web, a todas las leyes y regulaciones aplicables, y acepta que es responsable del cumplimiento de las leyes locales aplicables. Si no est\u00e1 de acuerdo con alguno de estos t\u00e9rminos, tiene prohibido utilizar o acceder a este sitio. Los materiales contenidos en este sitio web est\u00e1n protegidos por los derechos de autor aplicables y la ley de marcas.<\/span><\/p>\n<p class=\"p2\"><span class=\"s1\"><strong>2. Usar licencia<\/strong><\/span><\/p>\n<ol>\n<li class=\"p4\"><span class=\"s1\">Se concede permiso para descargar temporalmente una copia de los materiales (informaci\u00f3n o software)\u00a0<\/span><span class=\"s2\">desde<\/span><span class=\"s1\">\u00a0El sitio web de Mortar Net Solutions para visualizaci\u00f3n transitoria personal, no comercial solamente. Esta es la concesi\u00f3n de una licencia, no una transferencia de t\u00edtulo, y bajo esta licencia usted no puede:<\/span>\n<ul>\n<li class=\"p4\"><span class=\"s1\">Modificar o copiar los materiales.<\/span><\/li>\n<li class=\"p4\"><span class=\"s1\">Utilice los materiales para cualquier prop\u00f3sito comercial, o para cualquier exhibici\u00f3n p\u00fablica (comercial o no comercial)<\/span><\/li>\n<li class=\"p4\"><span class=\"s1\">Intentar descompilar o aplicar ingenier\u00eda inversa a cualquier software contenido en el sitio web de Mortar Net Solutions<\/span><\/li>\n<li class=\"p4\"><span class=\"s1\">Eliminar cualquier copyright u otra notaci\u00f3n de propiedad de los materiales.<\/span><\/li>\n<li class=\"p4\"><span class=\"s1\">Transfiera los materiales a otra persona o &quot;refleje&quot; los materiales en cualquier otro servidor<\/span><\/li>\n<\/ul>\n<\/li>\n<li class=\"p4\">Esta licencia terminar\u00e1 autom\u00e1ticamente si viola cualquiera de estas restricciones y Mortar Net Solutions podr\u00e1 rescindirla en cualquier momento. Al finalizar su visualizaci\u00f3n de estos materiales o al finalizar esta licencia, debe destruir cualquier material descargado en su poder, ya sea en formato electr\u00f3nico o impreso.<\/li>\n<\/ol>\n<p class=\"p2\"><span class=\"s1\"><strong>3. Descargo de responsabilidad<\/strong><\/span><\/p>\n<ol>\n<li class=\"p3\"><span class=\"s1\">Los materiales en el sitio web de Mortar Net Solutions se proporcionan &quot;tal cual&quot;. Mortar Net Solutions no ofrece ninguna garant\u00eda, expresa o impl\u00edcita, y por este medio niega y niega todas las dem\u00e1s garant\u00edas, incluidas, entre otras, las garant\u00edas o condiciones impl\u00edcitas de comercializaci\u00f3n, idoneidad para un fin particular o la no infracci\u00f3n de la propiedad intelectual u otra violaci\u00f3n de los derechos. Adem\u00e1s, Mortar Net Solutions no garantiza ni hace ninguna representaci\u00f3n con respecto a la precisi\u00f3n, los resultados probables o la confiabilidad del uso de los materiales en su sitio web de Internet o en relaci\u00f3n con dichos materiales o en cualquier sitio vinculado a este sitio.<\/span><\/li>\n<\/ol>\n<p class=\"p2\"><span class=\"s1\"><strong>4. Limitaciones<\/strong><\/span><\/p>\n<p class=\"p3\"><span class=\"s1\">En ning\u00fan caso, Mortar Net Solutions o sus proveedores ser\u00e1n responsables de los da\u00f1os (incluidos, entre otros, los da\u00f1os por p\u00e9rdida de datos o ganancias, o debido a la interrupci\u00f3n del negocio) que surjan del uso o la incapacidad para utilizar los materiales en Mortar Net. El sitio de Internet de Solutions, incluso si Mortar Net Solutions o un representante autorizado de Mortar Net Solutions han sido notificados verbalmente o por escrito sobre la posibilidad de tal da\u00f1o. Debido a que algunas jurisdicciones no permiten limitaciones sobre garant\u00edas impl\u00edcitas o limitaciones de responsabilidad por da\u00f1os indirectos o incidentales, estas limitaciones pueden no aplicarse a usted.<\/span><\/p>\n<p class=\"p2\"><span class=\"s1\"><strong>5. Revisiones y erratas.<\/strong><\/span><\/p>\n<p class=\"p3\"><span class=\"s1\">Los materiales que aparecen en el sitio web de Mortar Net Solutions podr\u00edan incluir errores t\u00e9cnicos, tipogr\u00e1ficos o fotogr\u00e1ficos. Mortar Net Solutions no garantiza que ninguno de los materiales en su sitio web sea preciso, completo o actual. Mortar Net Solutions puede realizar cambios en los materiales contenidos en su sitio web en cualquier momento sin previo aviso. Sin embargo, Mortar Net Solutions no se compromete a actualizar los materiales.<\/span><\/p>\n<p class=\"p2\"><span class=\"s1\"><strong>6. Enlaces<\/strong><\/span><\/p>\n<p class=\"p3\"><span class=\"s1\">Mortar Net Solutions no ha revisado todos los sitios vinculados a su sitio web de Internet y no es responsable de los contenidos de dicho sitio. La inclusi\u00f3n de cualquier enlace no implica la aprobaci\u00f3n por parte de Mortar Net Solutions del sitio. El uso de cualquiera de estos sitios web vinculados es responsabilidad del usuario.<\/span><\/p>\n<p class=\"p2\"><span class=\"s1\"><strong>7. Modificaciones de los T\u00e9rminos de Uso del Sitio.<\/strong><\/span><\/p>\n<p class=\"p3\"><span class=\"s1\">Mortar Net Solutions puede revisar estos t\u00e9rminos de uso de su sitio web en cualquier momento sin previo aviso. Al utilizar este sitio web, usted acepta regirse por la versi\u00f3n actual de estos T\u00e9rminos y condiciones de uso.<\/span><\/p>\n<p class=\"p2\"><span class=\"s1\"><strong>8. Ley aplicable<\/strong><\/span><\/p>\n<p class=\"p4\"><span class=\"s1\">Cualquier reclamaci\u00f3n relativa a Mortar Net\u00a0<\/span><span class=\"s2\">Soluciones &#039;<\/span><span class=\"s1\">\u00a0El sitio web se regir\u00e1 por las leyes del estado de Indiana sin tener en cuenta las disposiciones sobre conflicto de leyes.<\/span><\/p>\n<p class=\"p3\"><span class=\"s1\">T\u00e9rminos y condiciones generales aplicables al uso de un sitio web.<\/span><\/p>\n<p class=\"p1\"><span class=\"s1\"><strong>Pol\u00edtica de privacidad<\/strong><\/span><\/p>\n<p class=\"p3\"><span class=\"s1\">Su privacidad es muy importante para nosotros. En consecuencia, hemos desarrollado esta Pol\u00edtica para que usted entienda c\u00f3mo recopilamos, usamos, comunicamos y divulgamos y hacemos uso de la informaci\u00f3n personal. A continuaci\u00f3n se describe nuestra pol\u00edtica de privacidad.<\/span><\/p>\n<ul>\n<li class=\"p5\"><span class=\"s1\">Antes o al momento de recopilar informaci\u00f3n personal, identificaremos los prop\u00f3sitos para los cuales se recopila la informaci\u00f3n.<\/span><\/li>\n<li class=\"p5\">Recopilaremos y utilizaremos informaci\u00f3n personal \u00fanicamente con el objetivo de cumplir con los fines especificados por nosotros y para otros fines compatibles, a menos que obtengamos el consentimiento de la persona interesada o seg\u00fan lo exija la ley.<\/li>\n<li class=\"p5\">Solo retendremos la informaci\u00f3n personal durante el tiempo que sea necesario para el cumplimiento de esos prop\u00f3sitos.<\/li>\n<li class=\"p5\">Recopilaremos informaci\u00f3n personal por medios legales y justos y, cuando corresponda, con el conocimiento o consentimiento de la persona en cuesti\u00f3n.<\/li>\n<li class=\"p5\">Los datos personales deben ser relevantes para los fines para los que se utilizar\u00e1n y, en la medida necesaria para dichos fines, deben ser precisos, completos y actualizados.<\/li>\n<li class=\"p5\">Protegeremos la informaci\u00f3n personal mediante medidas de seguridad razonables contra p\u00e9rdida o robo, as\u00ed como el acceso, divulgaci\u00f3n, copia, uso o modificaci\u00f3n no autorizados.<\/li>\n<li class=\"p5\">Pondremos a disposici\u00f3n de los clientes informaci\u00f3n sobre nuestras pol\u00edticas y pr\u00e1cticas relacionadas con la gesti\u00f3n de la informaci\u00f3n personal.<\/li>\n<\/ul>\n<p class=\"p3\"><span class=\"s1\">Nos comprometemos a llevar a cabo nuestro negocio de acuerdo con estos principios para garantizar que la confidencialidad de la informaci\u00f3n personal est\u00e9 protegida y se mantenga.<\/span><\/p>\n<\/div>","protected":false},"excerpt":{"rendered":"<p>T\u00e9rminos y condiciones de uso del sitio web 1. T\u00e9rminos Al acceder a este sitio web, usted acepta estar sujeto a estos T\u00e9rminos y condiciones de uso del sitio web, todas las leyes y regulaciones aplicables, y acepta que es responsable del cumplimiento de cualquier leyes. Si no est\u00e1 de acuerdo con alguno de <a href=\"https:\/\/mortarnet.com\/es\/privacy-policy\/\">M\u00e1s informaci\u00f3n &quot;<\/a><\/p>","protected":false},"author":2,"featured_media":0,"parent":0,"menu_order":0,"comment_status":"closed","ping_status":"closed","template":"","meta":{"_acf_changed":false,"footnotes":""},"class_list":["post-78","page","type-page","status-publish","hentry"],"acf":[],"_links":{"self":[{"href":"https:\/\/mortarnet.com\/es\/wp-json\/wp\/v2\/pages\/78","targetHints":{"allow":["GET"]}}],"collection":[{"href":"https:\/\/mortarnet.com\/es\/wp-json\/wp\/v2\/pages"}],"about":[{"href":"https:\/\/mortarnet.com\/es\/wp-json\/wp\/v2\/types\/page"}],"author":[{"embeddable":true,"href":"https:\/\/mortarnet.com\/es\/wp-json\/wp\/v2\/users\/2"}],"replies":[{"embeddable":true,"href":"https:\/\/mortarnet.com\/es\/wp-json\/wp\/v2\/comments?post=78"}],"version-history":[{"count":0,"href":"https:\/\/mortarnet.com\/es\/wp-json\/wp\/v2\/pages\/78\/revisions"}],"wp:attachment":[{"href":"https:\/\/mortarnet.com\/es\/wp-json\/wp\/v2\/media?parent=78"}],"curies":[{"name":"wp","href":"https:\/\/api.w.org\/{rel}","templated":true}]}}