{"id":71,"date":"2016-04-21T15:19:52","date_gmt":"2016-04-21T20:19:52","guid":{"rendered":"https:\/\/mortarnet.com\/?page_id=71"},"modified":"2018-03-07T15:12:25","modified_gmt":"2018-03-07T21:12:25","slug":"meet-the-team","status":"publish","type":"page","link":"https:\/\/mortarnet.com\/es\/meet-the-team\/","title":{"rendered":"Conocer al equipo"},"content":{"rendered":"<p><a href=\"mailto:tsourlis@mortarnet.com?subject=Email%20from%20About%20Us%20section%20of%20website\" target=\"_blank\" rel=\"noopener\">Tom Sourlis<\/a><\/p>\n<p>Presidente y fundador: Sourlis dirigi\u00f3 las operaciones de Mortar Net Solutions \u2122 desde su fundaci\u00f3n hasta 2011 y hoy se desempe\u00f1a como su presidente. Antes de Mortar Net Solutions, Sourlis hab\u00eda fundado Sourlis Masonry Restoration y hab\u00eda trabajado durante casi 25 a\u00f1os en la reparaci\u00f3n de edificios que, en gran parte, hab\u00edan sido da\u00f1ados por el agua atrapada en las paredes de mamposter\u00eda. Asisti\u00f3 al Instituto de Tecnolog\u00eda de Illinois durante cuatro a\u00f1os como estudiante de arquitectura.<\/p>\n<p>Sourlis ha trabajado en edificios hist\u00f3ricos tan notables como The Rookery, John J. Glessner House, Holy Family Church y Chicago Water Tower.<\/p>\n<p>El 21 de octubre de 2010, Sourlis fue galardonada con el Premio a los Compa\u00f1eros de Innovaci\u00f3n de la Sociedad de Innovadores de Indiana.<\/p>\n<hr \/>\n<p><img loading=\"lazy\" decoding=\"async\" class=\"size-medium wp-image-2962 alignleft\" src=\"https:\/\/mortarnet.com\/wp-content\/uploads\/2016\/04\/gary-johnson-300x199.jpg\" alt=\"gary johnson\" width=\"300\" height=\"199\" srcset=\"https:\/\/mortarnet.com\/wp-content\/uploads\/2016\/04\/gary-johnson-300x199.jpg 300w, https:\/\/mortarnet.com\/wp-content\/uploads\/2016\/04\/gary-johnson-768x508.jpg 768w, https:\/\/mortarnet.com\/wp-content\/uploads\/2016\/04\/gary-johnson-1024x678.jpg 1024w, https:\/\/mortarnet.com\/wp-content\/uploads\/2016\/04\/gary-johnson.jpg 1183w\" sizes=\"auto, (max-width: 300px) 100vw, 300px\" \/>\u00a0<a href=\"mailto:gjohnson@mortarnet.com?subject=Email%20from%20About%20Us%20Section\" target=\"_blank\" rel=\"noopener\">Gary Johnson<\/a><\/p>\n<p>219-850-4502 \u00a0| \u00a0<a href=\"mailto:gjohnson@mortarnet.com\">gjohnson@mortarnet.com<\/a><\/p>\n<p>Presidente: Gary aporta a Mortar Net Solutions m\u00e1s de 30 a\u00f1os de experiencia en liderazgo ejecutivo, en su mayor\u00eda relacionados con la tecnolog\u00eda electr\u00f3nica. Se uni\u00f3 a Mortar Net como director en 2004 y se convirti\u00f3 en presidente en 2011. Bajo su gu\u00eda, los miembros del equipo de Mortar Net se han dedicado a la misi\u00f3n de brindar satisfacci\u00f3n y seguridad a los dise\u00f1adores, especificadores y comerciantes al ofrecer soluciones rentables y de alto rendimiento para la gesti\u00f3n de la humedad. que contribuyen a la construcci\u00f3n de estructuras de mamposter\u00eda de larga duraci\u00f3n y sin problemas. Ha contribuido al largo historial de innovaci\u00f3n de Mortar Net al agregar cuatro patentes de Estados Unidos relacionadas con productos para el manejo de la humedad en estructuras de mamposter\u00eda. Gary es miembro con derecho a voto del Comit\u00e9 E06 de ASTM sobre el rendimiento de los edificios, miembro asociado de RCI, una asociaci\u00f3n internacional de consultores de envolturas de edificios y director del Instituto de gesti\u00f3n de humedad de la envoltura de edificios (BEMMI). Mortar Net contin\u00faa con su historial de apoyo a la industria a trav\u00e9s de su patrocinio de la Mason Contractors Association of America y su membres\u00eda en el Design-Build Institute of America (DBIA), el Sealant, Waterproofing and Restoration Institute (SWRI), RCI, Inc., as as\u00ed como m\u00faltiples institutos locales de alba\u00f1iler\u00eda.<\/p>\n<p>Obtuvo una licenciatura en ingenier\u00eda el\u00e9ctrica (BSEE) y una maestr\u00eda en administraci\u00f3n industrial (MSIA), ambas de la Universidad de Purdue. Como resultado de su trabajo anterior en tecnolog\u00eda electr\u00f3nica, Gary fue reconocido como miembro del Instituto de Ingenieros El\u00e9ctricos y Electr\u00f3nicos. Fue incluido en la Sociedad de Innovadores del Noroeste de Indiana. Est\u00e1 activo en la comunidad como director del Centro de Crisis y la Sociedad de Innovadores del Noroeste de Indiana, ambos en Gary, Indiana.<\/p>\n<p>\u00c9l y su esposa Brenda disfrutan las actividades al aire libre, especialmente el senderismo y el kayak, y la cocina para ellos y sus amigos. Gary es un golfista demasiado infrecuente.<\/p>\n<hr \/>\n<p><img loading=\"lazy\" decoding=\"async\" class=\"wp-image-3103 size-medium alignleft\" src=\"https:\/\/mortarnet.com\/wp-content\/uploads\/2016\/04\/tricia-mosny-new-300x201.jpg\" width=\"300\" height=\"201\" srcset=\"https:\/\/mortarnet.com\/wp-content\/uploads\/2016\/04\/tricia-mosny-new-300x201.jpg 300w, https:\/\/mortarnet.com\/wp-content\/uploads\/2016\/04\/tricia-mosny-new-768x515.jpg 768w, https:\/\/mortarnet.com\/wp-content\/uploads\/2016\/04\/tricia-mosny-new.jpg 850w\" sizes=\"auto, (max-width: 300px) 100vw, 300px\" \/>\u00a0<a href=\"mailto:tmosny@mortarnet.com?subject=Email%20from%20About%20Us%20section%20of%20website\" target=\"_blank\" rel=\"noopener\">Tricia mosny<\/a><\/p>\n<p>219-850-4511 \u00a0| \u00a0<a href=\"mailto:tmosny@mortarnet.com\">tmosny@mortarnet.com<\/a><\/p>\n<p>Gerente de Desarrollo de Negocios - Tricia se uni\u00f3 a Mortar Net Solutions en 2005 despu\u00e9s de trabajar muchos a\u00f1os en la empresa de restauraci\u00f3n de mamposter\u00eda de Tom Sourlis. &quot;Son los valores centrales inherentes de los propietarios los que me empujan a aspirar a superar siempre sus expectativas y las expectativas de nuestros estimados representantes y clientes&quot;. En su posici\u00f3n actual, Tricia trabaja estrechamente con la red de representantes independientes de la compa\u00f1\u00eda y administra su construcci\u00f3n interna Equipo de servicios. \u201cComo compa\u00f1\u00eda, asignamos recursos significativos para el seguimiento de proyectos y es muy gratificante trabajar con todos los niveles de gesti\u00f3n de proyectos. El seguimiento de proyectos es fundamental para que nuestros productos cumplan con las especificaciones y los sitios de trabajo &quot;.<\/p>\n<p>&nbsp;<\/p>\n<hr \/>\n<p><img loading=\"lazy\" decoding=\"async\" class=\"size-medium wp-image-3104 alignleft\" src=\"https:\/\/mortarnet.com\/wp-content\/uploads\/2016\/04\/kelly-cleveringa-300x199.jpg\" alt=\"kelly-cleveringa\" width=\"300\" height=\"199\" srcset=\"https:\/\/mortarnet.com\/wp-content\/uploads\/2016\/04\/kelly-cleveringa-300x199.jpg 300w, https:\/\/mortarnet.com\/wp-content\/uploads\/2016\/04\/kelly-cleveringa-768x508.jpg 768w, https:\/\/mortarnet.com\/wp-content\/uploads\/2016\/04\/kelly-cleveringa-1024x678.jpg 1024w, https:\/\/mortarnet.com\/wp-content\/uploads\/2016\/04\/kelly-cleveringa.jpg 1183w\" sizes=\"auto, (max-width: 300px) 100vw, 300px\" \/>\u00a0<a href=\"mailto:kcleveringa@mortarnet.com?subject=Email%20from%20About%20Us%20section%20of%20website\" target=\"_blank\" rel=\"noopener\">Kelly Cleveringa<\/a><\/p>\n<p>219-850-4505 \u00a0| \u00a0<a href=\"mailto:kcleveringa@mortarnet.com\">kcleveringa@mortarnet.com<\/a><\/p>\n<p>Gerente de servicio al cliente: Kelly administra nuestra red de distribuidores, servicio al cliente, presupuestos y procesamiento de pedidos de compra entrantes. Kelly co-administra las operaciones diarias de nuestra oficina corporativa, mantiene los niveles de inventario de productos y administra los planes de seguro de salud. Kelly ha estado con Mortar Net Solutions desde abril de 1995.<\/p>\n<p>&nbsp;<\/p>\n<p>&nbsp;<\/p>\n<hr \/>\n<p><img loading=\"lazy\" decoding=\"async\" class=\"alignleft wp-image-2974 size-medium\" src=\"https:\/\/mortarnet.com\/wp-content\/uploads\/2016\/04\/bill-lewis-300x201.jpg\" alt=\"Bill-lewis\" width=\"300\" height=\"201\" srcset=\"https:\/\/mortarnet.com\/wp-content\/uploads\/2016\/04\/bill-lewis-300x201.jpg 300w, https:\/\/mortarnet.com\/wp-content\/uploads\/2016\/04\/bill-lewis-768x515.jpg 768w, https:\/\/mortarnet.com\/wp-content\/uploads\/2016\/04\/bill-lewis.jpg 850w\" sizes=\"auto, (max-width: 300px) 100vw, 300px\" \/>\u00a0<a href=\"mailto:blewis@mortarnet.com?subject=Email%20from%20About%20Us%20section%20of%20website\" target=\"_blank\" rel=\"noopener\">Bill Lewis<\/a><\/p>\n<p>219-850-4503 \u00a0| \u00a0<a href=\"mailto:blewis@mortarnet.com\">blewis@mortarnet.com<\/a><\/p>\n<p>Controlador: el proyecto de ley es responsable de las operaciones contables, incluida la gesti\u00f3n del capital de trabajo, las cuentas por pagar, las cuentas por cobrar, el presupuesto y la informaci\u00f3n financiera. Coordina la revisi\u00f3n anual con los auditores independientes de Mortar Net Solutions. Adem\u00e1s, administra las fuentes de tr\u00e1fico de la compa\u00f1\u00eda, negociando las tarifas de flete y el nivel de servicio para lograr el mayor valor.<\/p>\n<p>Bill se uni\u00f3 a Mortar Net Solutions en noviembre de 2004. Tiene una licenciatura en Criminolog\u00eda con una especializaci\u00f3n en Negocios de la Florida State University. Continu\u00f3 su educaci\u00f3n en la Universidad DePaul en Chicago, donde trabaj\u00f3 en un t\u00edtulo de contabilidad.<\/p>\n<hr \/>\n<p><a href=\"mailto:sfechino@mortarnet.com?subject=Email%20from%20About%20Us%20section%20of%20website\" target=\"_blank\" rel=\"noopener\">Steven Fechino<\/a><\/p>\n<p>219-850-4514 \u00a0| \u00a0<a href=\"mailto:sfechino@mortarnet.com\">sfechino@mortarnet.com<\/a><\/p>\n<p>Gerente de ingenier\u00eda: Steven es responsable de brindar servicios de soporte de ingenier\u00eda y capacitaci\u00f3n de productos para toda la familia de productos de Mortar Net Solutions. Proporciona los despegues de parpadeo previo a la ingenier\u00eda, soluciones de sistemas de parpadeo para la capacitaci\u00f3n de contratistas y distribuidores. Steven se uni\u00f3 a la compa\u00f1\u00eda en agosto de 2010.<\/p>\n<p>Antes de unirse a Mortar Net Solutions, Steven trabaj\u00f3 para la empresa de ingenier\u00eda Wiss, Janney, Elstner Associates, realizando evaluaciones de fachadas y detalles del concepto de reparaci\u00f3n. Tambi\u00e9n trabaj\u00f3 para WASCO, Inc. como Gerente de Proyecto, completando trabajos en restauraci\u00f3n de mamposter\u00eda, reparaci\u00f3n de terracota, construcci\u00f3n de prefabricados, instalaciones de granito y m\u00e1rmol, y proyectos de mamposter\u00eda en el sitio.<\/p>\n<p>Steven tiene una licenciatura en ciencias en tecnolog\u00eda de ingenier\u00eda civil y dos grados asociados en ingenier\u00eda civil y dibujo y dise\u00f1o especializado en construcci\u00f3n de edificios.<\/p>\n<hr \/>\n<p><img loading=\"lazy\" decoding=\"async\" class=\"alignleft wp-image-2970 size-medium\" src=\"https:\/\/mortarnet.com\/wp-content\/uploads\/2016\/04\/angela-brooks-300x199.jpg\" alt=\"angela-brooks\" width=\"300\" height=\"199\" srcset=\"https:\/\/mortarnet.com\/wp-content\/uploads\/2016\/04\/angela-brooks-300x199.jpg 300w, https:\/\/mortarnet.com\/wp-content\/uploads\/2016\/04\/angela-brooks-768x508.jpg 768w, https:\/\/mortarnet.com\/wp-content\/uploads\/2016\/04\/angela-brooks-1024x678.jpg 1024w, https:\/\/mortarnet.com\/wp-content\/uploads\/2016\/04\/angela-brooks.jpg 1183w\" sizes=\"auto, (max-width: 300px) 100vw, 300px\" \/>\u00a0<a href=\"mailto:abrooks@mortarnet.com?subject=Email%20from%20About%20Us%20section%20of%20website\" target=\"_blank\" rel=\"noopener\">Angela Brooks<\/a><\/p>\n<p>219-850-4512 \u00a0| \u00a0<a href=\"mailto:abrooks@mortarnet.com\">abrooks@mortarnet.com<\/a><\/p>\n<p>Asociado en desarrollo comercial: Angela respalda la comercializaci\u00f3n de la l\u00ednea de productos de Mortar Net Solutions al garantizar la entrega oportuna de muestras e informaci\u00f3n del producto a la comunidad de la construcci\u00f3n, a los distribuidores y al equipo de ventas; gestionar la base de datos de gesti\u00f3n de relaciones de contacto de la empresa; y asistencia con las ventas diarias y las tareas de servicio al cliente.<\/p>\n<p>Angela se gradu\u00f3 de Indiana University NW con una licenciatura en Administraci\u00f3n de Empresas. Tiene experiencia previa en ventas y servicio al cliente en el entorno minorista. Angela ha estado con Mortar Net Solutions desde marzo de 2006.<\/p>\n<hr \/>\n<p><img loading=\"lazy\" decoding=\"async\" class=\"wp-image-3102 size-medium alignleft\" src=\"https:\/\/mortarnet.com\/wp-content\/uploads\/2016\/04\/greg-skyta-300x201.jpg\" alt=\"greg-skyta\" width=\"300\" height=\"201\" srcset=\"https:\/\/mortarnet.com\/wp-content\/uploads\/2016\/04\/greg-skyta-300x201.jpg 300w, https:\/\/mortarnet.com\/wp-content\/uploads\/2016\/04\/greg-skyta-768x515.jpg 768w, https:\/\/mortarnet.com\/wp-content\/uploads\/2016\/04\/greg-skyta.jpg 850w\" sizes=\"auto, (max-width: 300px) 100vw, 300px\" \/>\u00a0<a href=\"mailto:gskyta@mortarnet.com?subject=Email%20from%20About%20Us\" target=\"_blank\" rel=\"noopener\">Gregory skyta<\/a><\/p>\n<p>219-850-4516 \u00a0| \u00a0<a href=\"mailto:gskyta@mortarnet.com\">gskyta@mortarnet.com<\/a><\/p>\n<p>Asociado de desarrollo de negocios: Greg asiste al equipo de ventas de campo de la compa\u00f1\u00eda mediante la gesti\u00f3n de clientes potenciales y el seguimiento de proyectos de construcci\u00f3n activos desde la etapa de especificaci\u00f3n inicial hasta el cierre de ventas, y desarrolla y mantiene el sitio web de la compa\u00f1\u00eda. Greg ha estado con Mortar Net Solutions.<sup>\u00a0<\/sup>Desde febrero de 2011.<\/p>\n<p>Greg se gradu\u00f3 de Daytona Beach Community College en 2007. Complet\u00f3 su t\u00edtulo de Asociado en Artes durante su primer y \u00faltimo a\u00f1o de escuela secundaria, lo que le permiti\u00f3 transferirse directamente a la Universidad de Florida como junior. Greg pas\u00f3 3 a\u00f1os en el programa Warrington College of Business Administration en la University of Florida, donde se gradu\u00f3 en abril de 2010 con una Licenciatura en Ciencias en Administraci\u00f3n de Empresas.<\/p>\n<hr \/>\n<p><img loading=\"lazy\" decoding=\"async\" class=\"alignleft wp-image-2971 size-medium\" src=\"https:\/\/mortarnet.com\/wp-content\/uploads\/2016\/04\/nichole-bishop-300x199.jpg\" alt=\"obispo de nichole\" width=\"300\" height=\"199\" srcset=\"https:\/\/mortarnet.com\/wp-content\/uploads\/2016\/04\/nichole-bishop-300x199.jpg 300w, https:\/\/mortarnet.com\/wp-content\/uploads\/2016\/04\/nichole-bishop-768x508.jpg 768w, https:\/\/mortarnet.com\/wp-content\/uploads\/2016\/04\/nichole-bishop-1024x678.jpg 1024w, https:\/\/mortarnet.com\/wp-content\/uploads\/2016\/04\/nichole-bishop.jpg 1183w\" sizes=\"auto, (max-width: 300px) 100vw, 300px\" \/>\u00a0<a href=\"mailto:nbishop@mortarnet.com?subject=Question%20from%20Meet%20the%20Team%20page\" target=\"_blank\" rel=\"noopener\">Obispo nichole<\/a><\/p>\n<p>219-850-4510 \u00a0| \u00a0<a href=\"mailto:nbishop@mortarnet.com\">nbishop@mortarnet.com<\/a><\/p>\n<p>Administrador contable: Nichole maneja las cuentas por pagar, las cuentas por cobrar, las \u00f3rdenes de trabajo y la recepci\u00f3n de bienes. Ella trabaja con el almac\u00e9n para garantizar que todos los pedidos se env\u00eden de manera oportuna. Ella es la copia de seguridad para el servicio al cliente y trabaja en estrecha colaboraci\u00f3n con el Contralor en la elaboraci\u00f3n de presupuestos, costos y gesti\u00f3n de inventario.<\/p>\n<p>Despu\u00e9s de trabajar en el campo dental durante 10 a\u00f1os, Nichole pas\u00f3 los siguientes 10 a\u00f1os trabajando en contabilidad en las industrias de fabricaci\u00f3n y construcci\u00f3n. Nichole se uni\u00f3 al equipo de Mortar Net en marzo de 2015. Se gradu\u00f3 en Ball State University con una licenciatura en contabilidad.<\/p>\n<hr \/>\n<p><a href=\"mailto:mstallworth@mortarnet.com\" target=\"_blank\" rel=\"noopener\">Michael Stallworth<\/a><\/p>\n<p>219-850-4509 \u00a0| \u00a0<a href=\"mailto:mstallworth@mortarnet.com\">mstallworth@mortarnet.com<\/a><\/p>\n<p>Asistente de marketing: Michael trabaja tanto con el Departamento de Marketing como con los Servicios de Construcci\u00f3n. Ayuda a crear material de marketing y piezas publicitarias, y ayuda a administrar la base de datos de contactos de la empresa. Es responsable de enviar muestras de productos a arquitectos, contratistas y otros, y ayuda con la gesti\u00f3n de ferias comerciales. Est\u00e1 programado para graduarse de la Universidad Purdue Calumet acreditada por AASCB en diciembre de 2015, con una Licenciatura en Artes en Negocios. Michael comenz\u00f3 con la compa\u00f1\u00eda en julio de 2015 \u201d.<\/p>","protected":false},"excerpt":{"rendered":"<p>Tom Sourlis Presidente y fundador: Sourlis dirigi\u00f3 las operaciones de Mortar Net Solutions\u2122 desde su fundaci\u00f3n hasta 2011 y hoy se desempe\u00f1a como su presidente. Antes de Mortar Net Solutions, Sourlis fund\u00f3 Sourlis Masonry Restoration y trabaj\u00f3 durante casi 25 a\u00f1os reparando edificios que, en gran parte, hab\u00edan sido da\u00f1ados por agua atrapada en paredes de mamposter\u00eda.\u00a0 <a href=\"https:\/\/mortarnet.com\/es\/meet-the-team\/\">M\u00e1s informaci\u00f3n &quot;<\/a><\/p>","protected":false},"author":2,"featured_media":0,"parent":0,"menu_order":0,"comment_status":"closed","ping_status":"closed","template":"","meta":{"_acf_changed":false,"footnotes":""},"class_list":["post-71","page","type-page","status-publish","hentry"],"acf":[],"_links":{"self":[{"href":"https:\/\/mortarnet.com\/es\/wp-json\/wp\/v2\/pages\/71","targetHints":{"allow":["GET"]}}],"collection":[{"href":"https:\/\/mortarnet.com\/es\/wp-json\/wp\/v2\/pages"}],"about":[{"href":"https:\/\/mortarnet.com\/es\/wp-json\/wp\/v2\/types\/page"}],"author":[{"embeddable":true,"href":"https:\/\/mortarnet.com\/es\/wp-json\/wp\/v2\/users\/2"}],"replies":[{"embeddable":true,"href":"https:\/\/mortarnet.com\/es\/wp-json\/wp\/v2\/comments?post=71"}],"version-history":[{"count":0,"href":"https:\/\/mortarnet.com\/es\/wp-json\/wp\/v2\/pages\/71\/revisions"}],"wp:attachment":[{"href":"https:\/\/mortarnet.com\/es\/wp-json\/wp\/v2\/media?parent=71"}],"curies":[{"name":"wp","href":"https:\/\/api.w.org\/{rel}","templated":true}]}}