{"id":70,"date":"2016-04-21T15:19:42","date_gmt":"2016-04-21T20:19:42","guid":{"rendered":"https:\/\/mortarnet.com\/?page_id=70"},"modified":"2016-06-23T09:49:23","modified_gmt":"2016-06-23T14:49:23","slug":"history","status":"publish","type":"page","link":"https:\/\/mortarnet.com\/es\/history\/","title":{"rendered":"Historia"},"content":{"rendered":"<div id=\"main_wrapper\">\n<div id=\"wrapper\">\n<div id=\"content_area\">\n<div class=\"prod_page_right\">\n<div class=\"item-page\">\n<div>\n<p>Mortar Net Solutions \u2122, anteriormente Mortar Net<sup>\u00ae <\/sup>USA, Ltd. desarrolla, distribuye y respalda soluciones innovadoras de gesti\u00f3n de la humedad para la construcci\u00f3n de mamposter\u00eda.<\/p>\n<p>La compa\u00f1\u00eda fue fundada en 1992 por Tom Sourlis y Colin Munro. Sourlis tiene m\u00e1s de 25 a\u00f1os de experiencia como alba\u00f1il con una amplia formaci\u00f3n en arquitectura del Instituto de Tecnolog\u00eda de Illinois y Munro es un experto en la industria de la alba\u00f1iler\u00eda con m\u00e1s de 45 a\u00f1os de experiencia, incluyendo investigaci\u00f3n, docencia, consulta t\u00e9cnica, fabricaci\u00f3n, comercializaci\u00f3n y contrataci\u00f3n. Ha impartido conferencias en varias universidades. Es miembro de AIA, CSI y The Masonry Society, de la que fue presidente del Comit\u00e9 C-15: Unidades de mamposter\u00eda manufacturadas y miembro honorario de la Uni\u00f3n Internacional de Alba\u00f1iles y Trabajadores Afines. Recientemente se convirti\u00f3 en miembro de ASTM y recibi\u00f3 su Premio al M\u00e9rito.<\/p>\n<p>Sourlis sab\u00eda lo caro que es romper una pared, limpiar la cavidad y reconstruirla. Como respuesta a lo que el da\u00f1o del agua puede hacer en un edificio, Sourlis invent\u00f3 MortarNet.<sup>\u00a0<\/sup>y patent\u00f3 su capacidad de recoger mortero en m\u00faltiples niveles. Llev\u00f3 el concepto a Munro para conocer su opini\u00f3n. La reacci\u00f3n de Munro fue: &quot;\u00a1Por fin! Una soluci\u00f3n real y viable para un problema muy destructivo &quot;. Este respaldo de un experto conocido como Munro ayud\u00f3 a impulsar a la compa\u00f1\u00eda y su soluci\u00f3n innovadora desde la idea hasta el producto l\u00edder en la industria.<\/p>\n<p>Adem\u00e1s del dispositivo de recogida de mortero patentado, MortarNet<sup>\u00ae<\/sup>, Mortar Net ha desarrollado nuevas soluciones propietarias para la construcci\u00f3n de mamposter\u00eda que incluyen TotalFlash<sup>\u00ae<\/sup>, BlockFlash<sup>\u00ae<\/sup>BlockNet<sup>\u00ae<\/sup>, HouseNet<sup>\u00ae<\/sup>, WallNet \u2122, WeepVent \u2122, CellVent \u2122 y LathNet \u2122. Mortar Net Solutions es tambi\u00e9n una de las cinco empresas asociadas que est\u00e1n desarrollando y comercializando la l\u00ednea de sistemas de muros CavityComplete. La compa\u00f1\u00eda busca constantemente identificar oportunidades para agregar a su oferta de productos mediante la creaci\u00f3n de nuevas soluciones que mejoren la durabilidad y la belleza de la construcci\u00f3n de mamposter\u00eda.<\/p>\n<p>Desde su fundaci\u00f3n, la compa\u00f1\u00eda ha asumido un fuerte compromiso con la responsabilidad ambiental. Los materiales reciclados constituyen una gran proporci\u00f3n de los productos de Mortar Net Solutions. Los compuestos con bajo contenido de COV se identifican y promocionan para su uso con los productos de la compa\u00f1\u00eda. La sostenibilidad es un resultado importante del uso de soluciones desarrolladas por Mortar Net Solutions que extienden la vida \u00fatil de las estructuras de mamposter\u00eda al reducir la susceptibilidad al da\u00f1o por humedad y la infestaci\u00f3n de insectos.<\/p>\n<p>Desde sus inicios como una empresa incipiente, la compa\u00f1\u00eda ha crecido hasta incluir miembros ejecutivos, de mercadotecnia y t\u00e9cnicos bien calificados y experimentados que han desarrollado y puesto en el mercado una serie de soluciones innovadoras que contin\u00faan ayudando a alba\u00f1iles y arquitectos en su compromiso con la creaci\u00f3n. De hermosas y duraderas estructuras.<\/p>\n<\/div>\n<\/div>\n<\/div>\n<\/div>\n<\/div>\n<\/div>\n<div id=\"footer-wrapper\"><\/div>","protected":false},"excerpt":{"rendered":"<p>Mortar Net Solutions\u2122, anteriormente Mortar Net\u00ae USA, Ltd. desarrolla, distribuye y respalda soluciones innovadoras de gesti\u00f3n de la humedad para la construcci\u00f3n de mamposter\u00eda. La empresa fue fundada en 1992 por Tom Sourlis y Colin Munro. Sourlis tiene m\u00e1s de 25 a\u00f1os de experiencia como alba\u00f1il con una amplia formaci\u00f3n en arquitectura del Instituto de Tecnolog\u00eda de Illinois y Munro es un <a href=\"https:\/\/mortarnet.com\/es\/history\/\">M\u00e1s informaci\u00f3n &quot;<\/a><\/p>","protected":false},"author":2,"featured_media":0,"parent":0,"menu_order":0,"comment_status":"closed","ping_status":"closed","template":"page-about.php","meta":{"_acf_changed":false,"footnotes":""},"class_list":["post-70","page","type-page","status-publish","hentry"],"acf":[],"_links":{"self":[{"href":"https:\/\/mortarnet.com\/es\/wp-json\/wp\/v2\/pages\/70","targetHints":{"allow":["GET"]}}],"collection":[{"href":"https:\/\/mortarnet.com\/es\/wp-json\/wp\/v2\/pages"}],"about":[{"href":"https:\/\/mortarnet.com\/es\/wp-json\/wp\/v2\/types\/page"}],"author":[{"embeddable":true,"href":"https:\/\/mortarnet.com\/es\/wp-json\/wp\/v2\/users\/2"}],"replies":[{"embeddable":true,"href":"https:\/\/mortarnet.com\/es\/wp-json\/wp\/v2\/comments?post=70"}],"version-history":[{"count":0,"href":"https:\/\/mortarnet.com\/es\/wp-json\/wp\/v2\/pages\/70\/revisions"}],"wp:attachment":[{"href":"https:\/\/mortarnet.com\/es\/wp-json\/wp\/v2\/media?parent=70"}],"curies":[{"name":"wp","href":"https:\/\/api.w.org\/{rel}","templated":true}]}}