{"id":57,"date":"2016-04-21T15:14:45","date_gmt":"2016-04-21T20:14:45","guid":{"rendered":"https:\/\/mortarnet.com\/?page_id=57"},"modified":"2018-01-23T09:19:05","modified_gmt":"2018-01-23T15:19:05","slug":"architectural-record","status":"publish","type":"page","link":"https:\/\/mortarnet.com\/es\/architectural-record\/","title":{"rendered":"Registro arquitect\u00f3nico"},"content":{"rendered":"<div class=\"row-fluid\">\n<div class=\"span8\">\n<h2><\/h2>\n<h2>Dise\u00f1o de chapa de mamposter\u00eda adherida<\/h2>\n<\/div>\n<\/div>\n<div class=\"row-fluid\">\n<div class=\"span8\">\n<p>Descripci\u00f3n del curso: Este curso explica el dise\u00f1o de los sistemas de muros de mamposter\u00eda adheridos t\u00edpicos de las mejores pr\u00e1cticas de hoy. Utiliza el dise\u00f1o familiar de paredes de cavidades de mamposter\u00eda para mostrar por qu\u00e9 la ventilaci\u00f3n y el drenaje adecuados t\u00edpicos de este tipo de pared tambi\u00e9n se deben usar en el dise\u00f1o de paredes de chapas de mamposter\u00eda adheridas y explora las diferencias de dise\u00f1o y las similitudes entre los sistemas de paredes de cavidades de mamposter\u00eda y los sistemas de chapas de mamposter\u00eda adheridos. Muestra los resultados del dise\u00f1o incorrecto de la pared, los errores comunes en las t\u00e9cnicas de instalaci\u00f3n de mamposter\u00eda adherida y la selecci\u00f3n de productos, y las t\u00e9cnicas y productos correctos necesarios para la construcci\u00f3n de paredes de chapa de mamposter\u00eda adherida sostenibles y eficientes energ\u00e9ticamente que permanecer\u00e1n libres de da\u00f1os por agua durante la vida \u00fatil edificio.<\/p>\n<p>Objetivos de aprendizaje:<\/p>\n<ul>\n<li>Enumere las similitudes y diferencias entre una pared de la cavidad y una chapa de mamposter\u00eda adherida<\/li>\n<li>Explicar los problemas t\u00edpicos causados por la instalaci\u00f3n incorrecta de las chapas de mamposter\u00eda adheridas<\/li>\n<li>Defina los productos que se utilizan normalmente en muros de chapa de mamposter\u00eda adheridos sostenibles<\/li>\n<li>Describa las t\u00e9cnicas de instalaci\u00f3n dise\u00f1adas para mejorar la seguridad, la durabilidad y el rendimiento a largo plazo de las paredes de chapa de mamposter\u00eda adheridas<\/li>\n<\/ul>\n<p>Obtenga 1 cr\u00e9dito AIA \/ CES HSW.<\/p>\n<p><a class=\"btn btn-primary\" href=\"http:\/\/continuingeducation.bnpmedia.com\/article.php?L=137&amp;C=1471\" target=\"_blank\" rel=\"noopener noreferrer\">Toma este curso en l\u00ednea<\/a><\/p>\n<\/div>\n<\/div>","protected":false},"excerpt":{"rendered":"<p>Dise\u00f1o de revestimiento de mamposter\u00eda adherido Descripci\u00f3n del curso: Este curso explica el dise\u00f1o de sistemas de muros de mamposter\u00eda adheridos t\u00edpicos de las mejores pr\u00e1cticas actuales. Utiliza un dise\u00f1o familiar de paredes con cavidades de mamposter\u00eda para mostrar por qu\u00e9 la ventilaci\u00f3n y el drenaje adecuados t\u00edpicos en este tipo de paredes tambi\u00e9n deben usarse en el dise\u00f1o de paredes con revestimiento de mamposter\u00eda adherido, y explora las diferencias de dise\u00f1o. <a href=\"https:\/\/mortarnet.com\/es\/architectural-record\/\">M\u00e1s informaci\u00f3n &quot;<\/a><\/p>","protected":false},"author":2,"featured_media":0,"parent":0,"menu_order":0,"comment_status":"closed","ping_status":"closed","template":"","meta":{"_acf_changed":false,"footnotes":""},"class_list":["post-57","page","type-page","status-publish","hentry"],"acf":[],"_links":{"self":[{"href":"https:\/\/mortarnet.com\/es\/wp-json\/wp\/v2\/pages\/57","targetHints":{"allow":["GET"]}}],"collection":[{"href":"https:\/\/mortarnet.com\/es\/wp-json\/wp\/v2\/pages"}],"about":[{"href":"https:\/\/mortarnet.com\/es\/wp-json\/wp\/v2\/types\/page"}],"author":[{"embeddable":true,"href":"https:\/\/mortarnet.com\/es\/wp-json\/wp\/v2\/users\/2"}],"replies":[{"embeddable":true,"href":"https:\/\/mortarnet.com\/es\/wp-json\/wp\/v2\/comments?post=57"}],"version-history":[{"count":0,"href":"https:\/\/mortarnet.com\/es\/wp-json\/wp\/v2\/pages\/57\/revisions"}],"wp:attachment":[{"href":"https:\/\/mortarnet.com\/es\/wp-json\/wp\/v2\/media?parent=57"}],"curies":[{"name":"wp","href":"https:\/\/api.w.org\/{rel}","templated":true}]}}