{"id":5555,"date":"2020-10-28T14:30:39","date_gmt":"2020-10-28T19:30:39","guid":{"rendered":"https:\/\/mortarnet.com\/?page_id=5555"},"modified":"2020-10-28T15:09:04","modified_gmt":"2020-10-28T20:09:04","slug":"masonry-instructor-product-pack","status":"publish","type":"page","link":"https:\/\/mortarnet.com\/es\/masonry-instructor-product-pack\/","title":{"rendered":"Paquete de productos para instructores de alba\u00f1iler\u00eda"},"content":{"rendered":"<p>Mortar Net Solutions ofrece a los instructores de alba\u00f1iler\u00eda un paquete de muestra de material que se utilizar\u00e1 con fines educativos.<\/p>\n<p>(3) Tiras de 5 &#039;de MortarNet con barrera contra insectos<\/p>\n<p>(3) Paneles TotalFlash de 5 \u2032<\/p>\n<p>(2) Botas de esquina interior \/ exterior<\/p>\n<p>(4) Represas universales<\/p>\n<p>(2) Esquinas exteriores de acero inoxidable<\/p>\n<p>(10) BlockFlash de 8 \u2033 con inserciones de malla<\/p>\n<p>(1) Tira de 10 \u2032 de DriPlane de 1\/4 \u2033<\/p>\n<p>(1) tira de 10 \u2032 de 1\/4 \u2033 WallNet<\/p>\n<p>Paquete de muestra de WeepVent y CellVent<\/p>\n<p>(5) Sombreros (si est\u00e1n disponibles)<\/p>\n<p>Surtido de bloques de l\u00ednea \/ ramitas<\/p>\n<p>Banner de la tienda de Mortar Net Solutions<\/p>\n<p>Para solicitar un paquete de muestra, env\u00ede un correo electr\u00f3nico a Steven Fechino (<a href=\"mailto:sfechino@mortarnet.com\">sfechino@mortarnet.com<\/a>) o llame al 219-850-4514.<\/p>","protected":false},"excerpt":{"rendered":"<p>Mortar Net Solutions ofrece a los instructores de alba\u00f1iler\u00eda un paquete de muestra de material para ser utilizado con fines educativos. (3) Tiras de MortarNet de 5\u2032 con barrera contra insectos (3) Paneles TotalFlash de 5\u2032 (2) Botas de esquina interior\/exterior (4) Diques de extremo universales (2) Esquinas exteriores de acero inoxidable (10) BlockFlash de 8\u2033 con inserciones de malla (1 ) Tira de 10\u2032 de 1\/4\u2033 DriPlane (1) <a href=\"https:\/\/mortarnet.com\/es\/masonry-instructor-product-pack\/\">M\u00e1s informaci\u00f3n &quot;<\/a><\/p>","protected":false},"author":5,"featured_media":0,"parent":0,"menu_order":0,"comment_status":"closed","ping_status":"closed","template":"template-product-flexible.php","meta":{"_acf_changed":false,"footnotes":""},"class_list":["post-5555","page","type-page","status-publish","hentry"],"acf":[],"_links":{"self":[{"href":"https:\/\/mortarnet.com\/es\/wp-json\/wp\/v2\/pages\/5555","targetHints":{"allow":["GET"]}}],"collection":[{"href":"https:\/\/mortarnet.com\/es\/wp-json\/wp\/v2\/pages"}],"about":[{"href":"https:\/\/mortarnet.com\/es\/wp-json\/wp\/v2\/types\/page"}],"author":[{"embeddable":true,"href":"https:\/\/mortarnet.com\/es\/wp-json\/wp\/v2\/users\/5"}],"replies":[{"embeddable":true,"href":"https:\/\/mortarnet.com\/es\/wp-json\/wp\/v2\/comments?post=5555"}],"version-history":[{"count":5,"href":"https:\/\/mortarnet.com\/es\/wp-json\/wp\/v2\/pages\/5555\/revisions"}],"predecessor-version":[{"id":5560,"href":"https:\/\/mortarnet.com\/es\/wp-json\/wp\/v2\/pages\/5555\/revisions\/5560"}],"wp:attachment":[{"href":"https:\/\/mortarnet.com\/es\/wp-json\/wp\/v2\/media?parent=5555"}],"curies":[{"name":"wp","href":"https:\/\/api.w.org\/{rel}","templated":true}]}}