{"id":1224,"date":"2016-07-13T21:03:44","date_gmt":"2016-07-14T02:03:44","guid":{"rendered":"https:\/\/mortarnet.com\/?page_id=1224"},"modified":"2016-08-18T12:34:54","modified_gmt":"2016-08-18T17:34:54","slug":"free-services","status":"publish","type":"page","link":"https:\/\/mortarnet.com\/es\/free-services\/","title":{"rendered":"Servicios gratuitos"},"content":{"rendered":"<h2>Mortar Net Solutions ofrece una variedad de <u>gratis<\/u> Los servicios que hacen que los trabajos que utilizan los productos de Mortar Net sean m\u00e1s suaves, m\u00e1s r\u00e1pidos y con menos dolores de cabeza.<\/h2>\n<h3>Para contratistas, arquitectos y consultores:<\/h3>\n<ul>\n<li>Servicio de despegue y oferta de ayuda en trabajos TotalFlash.<\/li>\n<li>Panel de corte TotalFlash personalizado para aberturas en paredes para reducir significativamente el tiempo de instalaci\u00f3n y los costos de mano de obra y alquiler de equipos<\/li>\n<li>Consulta previa a la construcci\u00f3n.<\/li>\n<li>Demostraciones de productos en la oficina.<\/li>\n<li>Capacitaci\u00f3n de instalaci\u00f3n de productos por tel\u00e9fono y en el lugar.<\/li>\n<li>Ingenier\u00eda, detalle de tapajuntas, sellado y drenaje de paredes.<\/li>\n<li>Consulta de detalles de chapa adherida.<\/li>\n<li>Maqueta de pared de materiales y consejos.<\/li>\n<li>C\u00e1lculos de requerimiento de molde BlockFlash<\/li>\n<li>Paquetes completos de presentaci\u00f3n de productos<\/li>\n<li>Ubicaciones de distribuidores<\/li>\n<li>Programaci\u00f3n de almuerzo y aprendizaje.<\/li>\n<li>Literatura y muestras de productos.<\/li>\n<\/ul>\n<p>&nbsp;<\/p>\n<h3>Para distribuidores:<\/h3>\n<ul>\n<li>Consejos de env\u00edo para determinar las opciones de env\u00edo m\u00e1s eficientes y rentables.<\/li>\n<li>Consejos de descuento para crear el mayor ahorro de costos \/ orden<\/li>\n<li>Entrega r\u00e1pida de productos para pedidos de \u00faltima hora.<\/li>\n<li>Entrega r\u00e1pida de pedidos personalizados<\/li>\n<li>Configuraci\u00f3n de TotalFlash y ayuda de precios<\/li>\n<li>Cantidades \/ trabajo de la bandeja BlockFlash<\/li>\n<li>B\u00fasquedas de trabajo personalizadas en cada \u00e1rea de distribuidores.<\/li>\n<\/ul>","protected":false},"excerpt":{"rendered":"<p>Mortar Net Solutions ofrece una variedad de servicios gratuitos que hacen que los trabajos que utilizan los productos Mortar Net sean m\u00e1s fluidos, m\u00e1s r\u00e1pidos y con menos dolores de cabeza. Para contratistas, arquitectos y consultores: Servicio de despegue y ayuda para licitaciones en trabajos TotalFlash Corte de paneles TotalFlash personalizados para aberturas de paredes para reducir significativamente el tiempo de instalaci\u00f3n y los costos de mano de obra y alquiler de equipos Preconstrucci\u00f3n <a href=\"https:\/\/mortarnet.com\/es\/free-services\/\">M\u00e1s informaci\u00f3n &quot;<\/a><\/p>","protected":false},"author":2,"featured_media":0,"parent":0,"menu_order":0,"comment_status":"closed","ping_status":"closed","template":"page-support.php","meta":{"_acf_changed":false,"footnotes":""},"class_list":["post-1224","page","type-page","status-publish","hentry"],"acf":[],"_links":{"self":[{"href":"https:\/\/mortarnet.com\/es\/wp-json\/wp\/v2\/pages\/1224","targetHints":{"allow":["GET"]}}],"collection":[{"href":"https:\/\/mortarnet.com\/es\/wp-json\/wp\/v2\/pages"}],"about":[{"href":"https:\/\/mortarnet.com\/es\/wp-json\/wp\/v2\/types\/page"}],"author":[{"embeddable":true,"href":"https:\/\/mortarnet.com\/es\/wp-json\/wp\/v2\/users\/2"}],"replies":[{"embeddable":true,"href":"https:\/\/mortarnet.com\/es\/wp-json\/wp\/v2\/comments?post=1224"}],"version-history":[{"count":0,"href":"https:\/\/mortarnet.com\/es\/wp-json\/wp\/v2\/pages\/1224\/revisions"}],"wp:attachment":[{"href":"https:\/\/mortarnet.com\/es\/wp-json\/wp\/v2\/media?parent=1224"}],"curies":[{"name":"wp","href":"https:\/\/api.w.org\/{rel}","templated":true}]}}