{"id":78,"date":"2016-04-21T15:23:15","date_gmt":"2016-04-21T20:23:15","guid":{"rendered":"https:\/\/mortarnet.com\/?page_id=78"},"modified":"2018-04-03T21:09:19","modified_gmt":"2018-04-04T02:09:19","slug":"privacy-policy","status":"publish","type":"page","link":"https:\/\/mortarnet.com\/da\/privacy-policy\/","title":{"rendered":"Fortrolighedspolitik"},"content":{"rendered":"<div class=\"page-header\">\n<h2><strong>Vilk\u00e5r og betingelser for webstedet<\/strong><\/h2>\n<\/div>\n<div>\n<p class=\"p2\"><span class=\"s1\"><strong>1. Betingelser<\/strong><\/span><\/p>\n<p class=\"p3\"><span class=\"s1\">Ved at \u00e5bne dette websted accepterer du at v\u00e6re bundet af disse websteds Betingelser og vilk\u00e5r for brug, alle g\u00e6ldende love og regler og accepterer, at du er ansvarlig for overholdelse af g\u00e6ldende lokale love. Hvis du ikke er enig i nogen af disse betingelser, er du forbudt at bruge eller f\u00e5 adgang til dette websted. Materialerne p\u00e5 dette websted er beskyttet af g\u00e6ldende copyright og varem\u00e6rkeret.<\/span><\/p>\n<p class=\"p2\"><span class=\"s1\"><strong>2. Brug licens<\/strong><\/span><\/p>\n<ol>\n<li class=\"p4\"><span class=\"s1\">Tilladelse til midlertidigt at downloade en kopi af materialerne (information eller software)\u00a0<\/span><span class=\"s2\">fra<\/span><span class=\"s1\">\u00a0Mortel Net Solutions &amp; #8217; websted til kun personlig, ikke-kommerciel forbig\u00e5ende visning. Dette er udstedelse af en licens, ikke en overf\u00f8rsel af titel, og under denne licens m\u00e5 du ikke:<\/span>\n<ul>\n<li class=\"p4\"><span class=\"s1\">Rediger eller kopier materialerne<\/span><\/li>\n<li class=\"p4\"><span class=\"s1\">Brug materialerne til ethvert kommercielt form\u00e5l eller til enhver offentlig visning (kommerciel eller ikke-kommerciel)<\/span><\/li>\n<li class=\"p4\"><span class=\"s1\">Fors\u00f8g p\u00e5 at dekompilere eller reverse engineer nogen software indeholdt i Mortar Net Solutions &amp; #8217; internet side<\/span><\/li>\n<li class=\"p4\"><span class=\"s1\">Fjern copyright eller andre ejendomsretlige notationer fra materialerne<\/span><\/li>\n<li class=\"p4\"><span class=\"s1\">Overf\u00f8r materialerne til en anden person eller &amp; #8220; spejl &amp; #8221; materialerne p\u00e5 enhver anden server<\/span><\/li>\n<\/ul>\n<\/li>\n<li class=\"p4\">Denne licens opsiges automatisk, hvis du overtr\u00e6der nogen af disse begr\u00e6nsninger og kan til enhver tid opsiges af Mortar Net Solutions. N\u00e5r du afslutter din visning af disse materialer eller ved opsigelsen af denne licens, skal du \u00f8del\u00e6gge ethvert downloadet materiale, du er i besiddelse af, enten i elektronisk eller trykt format.<\/li>\n<\/ol>\n<p class=\"p2\"><span class=\"s1\"><strong>3. Ansvarsfraskrivelse<\/strong><\/span><\/p>\n<ol>\n<li class=\"p3\"><span class=\"s1\">Materialerne p\u00e5 Mortar Net Solutions &amp; #8217; s websted leveres &amp; #8220; som det er &amp; #8221 ;. Mortar Net Solutions yder ingen garantier, udtrykkes eller underforst\u00e5s, og fraskriver sig og bortfalder alle andre garantier, herunder uden begr\u00e6nsning, underforst\u00e5ede garantier eller betingelser for salgbarhed, egnethed til et bestemt form\u00e5l eller ikke-kr\u00e6nkelse af intellektuel ejendom eller anden kr\u00e6nkelse af rettigheder. Derudover garanterer eller frems\u00e6tter Mortar Net Solutions ikke nogen repr\u00e6sentationer vedr\u00f8rende n\u00f8jagtigheden, sandsynlige resultater eller p\u00e5lideligheden af brugen af materialerne p\u00e5 dens internetwebsted eller p\u00e5 anden m\u00e5de relateret til s\u00e5dant materiale eller p\u00e5 nogen steder, der er knyttet til dette websted.<\/span><\/li>\n<\/ol>\n<p class=\"p2\"><span class=\"s1\"><strong>4. Begr\u00e6nsninger<\/strong><\/span><\/p>\n<p class=\"p3\"><span class=\"s1\">Under ingen omst\u00e6ndigheder skal Mortar Net Solutions eller dets leverand\u00f8rer v\u00e6re ansvarlige for skader (herunder uden begr\u00e6nsning skader for tab af data eller fortjeneste eller p\u00e5 grund af forretningsafbrydelse), der opst\u00e5r som f\u00f8lge af brugen eller manglende evne til at bruge materialerne p\u00e5 Mortar Net Solutions &amp; #8217; s websted, selvom Mortar Net Solutions eller en autoriseret repr\u00e6sentant for Mortar Net Solutions er blevet underrettet mundtligt eller skriftligt om muligheden for en s\u00e5dan skade. Da nogle jurisdiktioner ikke tillader begr\u00e6nsninger i underforst\u00e5ede garantier eller begr\u00e6nsninger af ansvar for f\u00f8lgeskader eller tilf\u00e6ldige skader, kan disse begr\u00e6nsninger muligvis ikke g\u00e6lde for dig.<\/span><\/p>\n<p class=\"p2\"><span class=\"s1\"><strong>5. Revisioner og Errata<\/strong><\/span><\/p>\n<p class=\"p3\"><span class=\"s1\">Materialerne, der vises p\u00e5 Mortar Net Solutions &amp; #8217; s websted, kan omfatte tekniske, typografiske eller fotografiske fejl. Mortar Net Solutions garanterer ikke, at noget af materialerne p\u00e5 dets websted er n\u00f8jagtige, komplette eller aktuelle. Mortar Net Solutions kan til enhver tid foretage \u00e6ndringer i materialerne p\u00e5 sit websted uden varsel. Mortar Net Solutions forpligter sig dog ikke til at opdatere materialerne.<\/span><\/p>\n<p class=\"p2\"><span class=\"s1\"><strong>6. Links<\/strong><\/span><\/p>\n<p class=\"p3\"><span class=\"s1\">Mortar Net Solutions har ikke gennemg\u00e5et alle de sider, der er knyttet til sit internetwebsted og er ikke ansvarlige for indholdet p\u00e5 s\u00e5danne linkede websteder. Inkluderingen af et hvilket som helst link indeb\u00e6rer ikke godkendelse fra Mortar Net Solutions for webstedet. Brug af et s\u00e5dant linket websted sker p\u00e5 brugerens egen risiko.<\/span><\/p>\n<p class=\"p2\"><span class=\"s1\"><strong>7. \u00c6ndringer af brugsbetingelser p\u00e5 webstedet<\/strong><\/span><\/p>\n<p class=\"p3\"><span class=\"s1\">Mortar Net Solutions kan til enhver tid revidere disse vilk\u00e5r for brug p\u00e5 sit websted uden varsel. Ved at bruge dette websted accepterer du at v\u00e6re bundet af den dav\u00e6rende aktuelle version af disse Vilk\u00e5r og Betingelser for brug.<\/span><\/p>\n<p class=\"p2\"><span class=\"s1\"><strong>8. G\u00e6ldende lov<\/strong><\/span><\/p>\n<p class=\"p4\"><span class=\"s1\">Ethvert krav vedr\u00f8rende Mortar Net\u00a0<\/span><span class=\"s2\">L\u00f8sninger &amp; #8217;<\/span><span class=\"s1\">\u00a0websted styres af lovgivningen i staten Indiana uden hensyntagen til dets konflikt med lovbestemmelser.<\/span><\/p>\n<p class=\"p3\"><span class=\"s1\">Generelle vilk\u00e5r og betingelser, der g\u00e6lder for brug af et websted.<\/span><\/p>\n<p class=\"p1\"><span class=\"s1\"><strong>Fortrolighedspolitik<\/strong><\/span><\/p>\n<p class=\"p3\"><span class=\"s1\">Dit privatliv er meget vigtigt for os. Derfor har vi udviklet denne politik, s\u00e5 du kan forst\u00e5, hvordan vi indsamler, bruger, kommunikerer og videregiver og g\u00f8r brug af personlige oplysninger. F\u00f8lgende skitserer vores privatlivspolitik.<\/span><\/p>\n<ul>\n<li class=\"p5\"><span class=\"s1\">F\u00f8r eller p\u00e5 tidspunktet for indsamling af personlige oplysninger, identificerer vi de form\u00e5l, som informationen indsamles til.<\/span><\/li>\n<li class=\"p5\">Vi indsamler og bruger personlige oplysninger udelukkende med det form\u00e5l at opfylde de form\u00e5l, der er specificeret af os og til andre kompatible form\u00e5l, medmindre vi f\u00e5r tilladelse fra den p\u00e5g\u00e6ldende person eller som kr\u00e6vet i loven.<\/li>\n<li class=\"p5\">Vi vil kun opbevare personlige oplysninger, s\u00e5 l\u00e6nge det er n\u00f8dvendigt for opfyldelsen af disse form\u00e5l.<\/li>\n<li class=\"p5\">Vi indsamler personlige oplysninger p\u00e5 lovlige og retf\u00e6rdige m\u00e5der og, hvor det er relevant, med den p\u00e5g\u00e6ldende persons viden eller samtykke.<\/li>\n<li class=\"p5\">Personoplysninger skal v\u00e6re relevante for de form\u00e5l, som de skal bruges til, og i det omfang, det er n\u00f8dvendigt til disse form\u00e5l, skal v\u00e6re n\u00f8jagtige, komplette og ajourf\u00f8rte.<\/li>\n<li class=\"p5\">Vi beskytter personlige oplysninger ved rimelig sikkerhedsforanstaltning mod tab eller tyveri samt uautoriseret adgang, videregivelse, kopiering, brug eller \u00e6ndring.<\/li>\n<li class=\"p5\">Vi vil let give kunderne information om vores politikker og praksis i forbindelse med h\u00e5ndtering af personlige oplysninger.<\/li>\n<\/ul>\n<p class=\"p3\"><span class=\"s1\">Vi er forpligtet til at udf\u00f8re vores forretning i overensstemmelse med disse principper for at sikre, at fortroligheden af personlige oplysninger beskyttes og opretholdes.<\/span><\/p>\n<\/div>","protected":false},"excerpt":{"rendered":"<p>Vilk\u00e5r og betingelser for brug af webstedet 1. Vilk\u00e5r Ved at g\u00e5 ind p\u00e5 dette websted accepterer du at v\u00e6re bundet af disse vilk\u00e5r og betingelser for brug af webstedet, alle g\u00e6ldende love og regler, og accepterer, at du er ansvarlig for overholdelse af enhver g\u00e6ldende lokal love. Hvis du ikke er enig med nogen af <a href=\"https:\/\/mortarnet.com\/da\/privacy-policy\/\">Mere info &quot;<\/a><\/p>","protected":false},"author":2,"featured_media":0,"parent":0,"menu_order":0,"comment_status":"closed","ping_status":"closed","template":"","meta":{"_acf_changed":false,"footnotes":""},"class_list":["post-78","page","type-page","status-publish","hentry"],"acf":[],"_links":{"self":[{"href":"https:\/\/mortarnet.com\/da\/wp-json\/wp\/v2\/pages\/78","targetHints":{"allow":["GET"]}}],"collection":[{"href":"https:\/\/mortarnet.com\/da\/wp-json\/wp\/v2\/pages"}],"about":[{"href":"https:\/\/mortarnet.com\/da\/wp-json\/wp\/v2\/types\/page"}],"author":[{"embeddable":true,"href":"https:\/\/mortarnet.com\/da\/wp-json\/wp\/v2\/users\/2"}],"replies":[{"embeddable":true,"href":"https:\/\/mortarnet.com\/da\/wp-json\/wp\/v2\/comments?post=78"}],"version-history":[{"count":0,"href":"https:\/\/mortarnet.com\/da\/wp-json\/wp\/v2\/pages\/78\/revisions"}],"wp:attachment":[{"href":"https:\/\/mortarnet.com\/da\/wp-json\/wp\/v2\/media?parent=78"}],"curies":[{"name":"wp","href":"https:\/\/api.w.org\/{rel}","templated":true}]}}