{"id":71,"date":"2016-04-21T15:19:52","date_gmt":"2016-04-21T20:19:52","guid":{"rendered":"https:\/\/mortarnet.com\/?page_id=71"},"modified":"2018-03-07T15:12:25","modified_gmt":"2018-03-07T21:12:25","slug":"meet-the-team","status":"publish","type":"page","link":"https:\/\/mortarnet.com\/da\/meet-the-team\/","title":{"rendered":"M\u00f8d holdet"},"content":{"rendered":"<p><a href=\"mailto:tsourlis@mortarnet.com?subject=Email%20from%20About%20Us%20section%20of%20website\" target=\"_blank\" rel=\"noopener\">Tom Sourlis<\/a><\/p>\n<p>Formand og grundl\u00e6gger - Sourlis ledede driften af Mortar Net Solutions \u2122 fra grundl\u00e6ggelsen indtil 2011 og fungerer i dag som sin formand. F\u00f8r Mortar Net Solutions havde Sourlis grundlagt Sourlis Masonry Restoration og arbejdet i n\u00e6sten 25 \u00e5r med at reparere bygninger, der i vid udstr\u00e6kning var blevet beskadiget af fanget vand i murv\u00e6rkets v\u00e6gge. Han deltog i Illinois Institute of Technology i fire \u00e5r som arkitektstudent.<\/p>\n<p>Sourlis har arbejdet p\u00e5 s\u00e5 bem\u00e6rkelsesv\u00e6rdige historiske bygninger som The Rookery, The John J. Glessner House, Holy Family Church og Chicago Water Tower.<\/p>\n<p>Den 21. oktober 2010 blev Sourlis h\u00e6dret med Innovation Fellow Award af Society of Innovators i Indiana.<\/p>\n<hr \/>\n<p><img loading=\"lazy\" decoding=\"async\" class=\"size-medium wp-image-2962 alignleft\" src=\"https:\/\/mortarnet.com\/wp-content\/uploads\/2016\/04\/gary-johnson-300x199.jpg\" alt=\"gary johnson\" width=\"300\" height=\"199\" srcset=\"https:\/\/mortarnet.com\/wp-content\/uploads\/2016\/04\/gary-johnson-300x199.jpg 300w, https:\/\/mortarnet.com\/wp-content\/uploads\/2016\/04\/gary-johnson-768x508.jpg 768w, https:\/\/mortarnet.com\/wp-content\/uploads\/2016\/04\/gary-johnson-1024x678.jpg 1024w, https:\/\/mortarnet.com\/wp-content\/uploads\/2016\/04\/gary-johnson.jpg 1183w\" sizes=\"auto, (max-width: 300px) 100vw, 300px\" \/>\u00a0<a href=\"mailto:gjohnson@mortarnet.com?subject=Email%20from%20About%20Us%20Section\" target=\"_blank\" rel=\"noopener\">Gary Johnson<\/a><\/p>\n<p>219-850-4502 \u00a0| \u00a0<a href=\"mailto:gjohnson@mortarnet.com\">gjohnson@mortarnet.com<\/a><\/p>\n<p>Pr\u00e6sident &amp; #8211; Gary bringer over 30 \u00e5rs erfaring med lederskab, mest relateret til elektronikteknologi, til Mortar Net Solutions. Han tiltr\u00e5dte Mortar Net som direkt\u00f8r i 2004 og blev pr\u00e6sident i 2011. Under hans vejledning har Mortar Net-teammedlemmerne dedikeret sig til missionen om at bringe tilfredshed og sikkerhed til designere, specialister og h\u00e5ndv\u00e6rkere ved at levere omkostningseffektive, h\u00f8je ydeevne fugtstyringsl\u00f8sninger der bidrager til opf\u00f8relsen af langvarige, problemfri murstrukturer. Han har bidraget til Mortar Netts l\u00e6nge etablerede rekord for innovation ved at tilf\u00f8je fire amerikanske patenter relateret til produkter til styring af fugt i murstrukturer. Gary er et afstemningsmedlem i ASTM-udvalget E06 om Performance of Buildings, et associeret medlem af RCI, en international sammenslutning af bygningskonvoluttkonsulenter og direkt\u00f8r for Building Envelope Moisture Management Institute (BEMMI). Mortar Net forts\u00e6tter sin fortegnelse over branchest\u00f8tte gennem sin sponsorering af Mason Contractors Association of America og medlemskab af Design-Build Institute of America (DBIA), Sealant, Waterproofing and Restoration Institute (SWRI), RCI, Inc., som samt flere lokale murinstitutter.<\/p>\n<p>Han vandt en bachelorgrad i elektroteknik (BSEE) og en kandidatgrad i industriel administration (MSIA), begge fra Purdue University. Som et resultat af hans tidligere arbejde inden for elektronikteknologi blev Gary anerkendt som en medspiller af Institut for Elektriske og Elektroniske Ingeni\u00f8rer. Han blev indf\u00f8rt i det nordvestlige Indiana Society of Innovators. Han er aktiv i samfundet som direkt\u00f8r for Crisis Center og Northwest Indiana Society of Innovators, begge i Gary, Indiana.<\/p>\n<p>Han og hans kone Brenda nyder udend\u00f8rs aktiviteter, is\u00e6r vandreture og kajaksejlads, og laver mad til sig selv og venner. Gary er en for sj\u00e6lden golfspiller.<\/p>\n<hr \/>\n<p><img loading=\"lazy\" decoding=\"async\" class=\"wp-image-3103 size-medium alignleft\" src=\"https:\/\/mortarnet.com\/wp-content\/uploads\/2016\/04\/tricia-mosny-new-300x201.jpg\" width=\"300\" height=\"201\" srcset=\"https:\/\/mortarnet.com\/wp-content\/uploads\/2016\/04\/tricia-mosny-new-300x201.jpg 300w, https:\/\/mortarnet.com\/wp-content\/uploads\/2016\/04\/tricia-mosny-new-768x515.jpg 768w, https:\/\/mortarnet.com\/wp-content\/uploads\/2016\/04\/tricia-mosny-new.jpg 850w\" sizes=\"auto, (max-width: 300px) 100vw, 300px\" \/>\u00a0<a href=\"mailto:tmosny@mortarnet.com?subject=Email%20from%20About%20Us%20section%20of%20website\" target=\"_blank\" rel=\"noopener\">Tricia Mosny<\/a><\/p>\n<p>219-850-4511 \u00a0| \u00a0<a href=\"mailto:tmosny@mortarnet.com\">tmosny@mortarnet.com<\/a><\/p>\n<p>Forretningsudviklingschef - Tricia blev ansat i Mortar Net Solutions i 2005 efter at have arbejdet i mange \u00e5r hos Tom Sourlis &#039;mur restaureringsfirma. \u201dDet er ejernes iboende kernev\u00e6rdier, der presser mig til altid at str\u00e6be efter at overskride deres forventninger og forventningerne fra vores anerkendte reps og kunder.\u201d I sin nuv\u00e6rende position arbejder Tricia t\u00e6t sammen med virksomhedens uafh\u00e6ngige rep netv\u00e6rk og administrerer dets interne konstruktion Services team. \u201dSom virksomhed afs\u00e6tter vi betydelige ressourcer til projektsporing, og det er meget givende at arbejde med alle niveauer af projektstyring. Projektsporing er medvirkende til at f\u00e5 vores produkter i specifikationer og p\u00e5 jobsteder. \u201d<\/p>\n<p>&nbsp;<\/p>\n<hr \/>\n<p><img loading=\"lazy\" decoding=\"async\" class=\"size-medium wp-image-3104 alignleft\" src=\"https:\/\/mortarnet.com\/wp-content\/uploads\/2016\/04\/kelly-cleveringa-300x199.jpg\" alt=\"kelly-Cleveringa\" width=\"300\" height=\"199\" srcset=\"https:\/\/mortarnet.com\/wp-content\/uploads\/2016\/04\/kelly-cleveringa-300x199.jpg 300w, https:\/\/mortarnet.com\/wp-content\/uploads\/2016\/04\/kelly-cleveringa-768x508.jpg 768w, https:\/\/mortarnet.com\/wp-content\/uploads\/2016\/04\/kelly-cleveringa-1024x678.jpg 1024w, https:\/\/mortarnet.com\/wp-content\/uploads\/2016\/04\/kelly-cleveringa.jpg 1183w\" sizes=\"auto, (max-width: 300px) 100vw, 300px\" \/>\u00a0<a href=\"mailto:kcleveringa@mortarnet.com?subject=Email%20from%20About%20Us%20section%20of%20website\" target=\"_blank\" rel=\"noopener\">Kelly Cleveringa<\/a><\/p>\n<p>219-850-4505 \u00a0| \u00a0<a href=\"mailto:kcleveringa@mortarnet.com\">kcleveringa@mortarnet.com<\/a><\/p>\n<p>Kundeservice Manager - Kelly administrerer vores distribut\u00f8rnetv\u00e6rk, kundeservice, tilbud og indg\u00e5ende indk\u00f8bsordrebehandling. Kelly administrerer den daglige drift af vores virksomheds kontor, opretholder produktbeholdningsniveauer og administrerer sygesikringsplanerne. Kelly har v\u00e6ret hos Mortar Net Solutions siden april 1995.<\/p>\n<p>&nbsp;<\/p>\n<p>&nbsp;<\/p>\n<hr \/>\n<p><img loading=\"lazy\" decoding=\"async\" class=\"alignleft wp-image-2974 size-medium\" src=\"https:\/\/mortarnet.com\/wp-content\/uploads\/2016\/04\/bill-lewis-300x201.jpg\" alt=\"Regningen-lewis\" width=\"300\" height=\"201\" srcset=\"https:\/\/mortarnet.com\/wp-content\/uploads\/2016\/04\/bill-lewis-300x201.jpg 300w, https:\/\/mortarnet.com\/wp-content\/uploads\/2016\/04\/bill-lewis-768x515.jpg 768w, https:\/\/mortarnet.com\/wp-content\/uploads\/2016\/04\/bill-lewis.jpg 850w\" sizes=\"auto, (max-width: 300px) 100vw, 300px\" \/>\u00a0<a href=\"mailto:blewis@mortarnet.com?subject=Email%20from%20About%20Us%20section%20of%20website\" target=\"_blank\" rel=\"noopener\">Bill Lewis<\/a><\/p>\n<p>219-850-4503 \u00a0| \u00a0<a href=\"mailto:blewis@mortarnet.com\">blewis@mortarnet.com<\/a><\/p>\n<p>Controller - Bill er ansvarlig for regnskabsm\u00e6ssige operationer, herunder driftskapitalstyring, g\u00e6ld, tilgodehavender, budgettering og finansiel rapportering. Han koordinerer den \u00e5rlige gennemgang med Mortar Net Solutions uafh\u00e6ngige revisorer. Derudover administrerer han virksomhedens trafikkilder ved at forhandle om fragtrater og serviceniveau for at opn\u00e5 den h\u00f8jeste v\u00e6rdi.<\/p>\n<p>Bill blev medlem af Mortar Net Solutions i november 2004. Han har en bachelorgrad i kriminologi hos en mindre\u00e5rig i erhvervslivet fra Florida State University. Han fortsatte sin uddannelse ved DePaul University i Chicago, hvor han arbejdede med en regnskabsgrad.<\/p>\n<hr \/>\n<p><a href=\"mailto:sfechino@mortarnet.com?subject=Email%20from%20About%20Us%20section%20of%20website\" target=\"_blank\" rel=\"noopener\">Steven Fechino<\/a><\/p>\n<p>219-850-4514 \u00a0| \u00a0<a href=\"mailto:sfechino@mortarnet.com\">sfechino@mortarnet.com<\/a><\/p>\n<p>Engineering Manager - Steven er ansvarlig for at levere tekniske supporttjenester og produktuddannelse for hele familien Mortar Net Solutions-produkter. Han leverer pre-engineering blinkende start, blinkende systeml\u00f8sninger til entrepren\u00f8rer og distribut\u00f8rtr\u00e6ning. Steven blev medlem af virksomheden i august 2010.<\/p>\n<p>F\u00f8r han kom sammen med Mortar Net Solutions, arbejdede Steven hos ingeni\u00f8rfirmaet Wiss, Janney, Elstner Associates, der udf\u00f8rte facadeevalueringer og reparerede konceptdetaljer. Han arbejdede ogs\u00e5 for WASCO, Inc. som projektleder og afsluttede job inden for restaurering af murv\u00e6rk, terra cotta-reparation, pr\u00e6fabrikeret montering, granit- og marmorinstallationer og murv\u00e6rksprojekter p\u00e5 stedet.<\/p>\n<p>Steven har en bachelor i naturvidenskab i civilingeni\u00f8rteknologi og to associerede grader inden for civilingeni\u00f8r og udarbejdelse og design med speciale i byggeri.<\/p>\n<hr \/>\n<p><img loading=\"lazy\" decoding=\"async\" class=\"alignleft wp-image-2970 size-medium\" src=\"https:\/\/mortarnet.com\/wp-content\/uploads\/2016\/04\/angela-brooks-300x199.jpg\" alt=\"Angela-b\u00e6kke\" width=\"300\" height=\"199\" srcset=\"https:\/\/mortarnet.com\/wp-content\/uploads\/2016\/04\/angela-brooks-300x199.jpg 300w, https:\/\/mortarnet.com\/wp-content\/uploads\/2016\/04\/angela-brooks-768x508.jpg 768w, https:\/\/mortarnet.com\/wp-content\/uploads\/2016\/04\/angela-brooks-1024x678.jpg 1024w, https:\/\/mortarnet.com\/wp-content\/uploads\/2016\/04\/angela-brooks.jpg 1183w\" sizes=\"auto, (max-width: 300px) 100vw, 300px\" \/>\u00a0<a href=\"mailto:abrooks@mortarnet.com?subject=Email%20from%20About%20Us%20section%20of%20website\" target=\"_blank\" rel=\"noopener\">Angela Brooks<\/a><\/p>\n<p>219-850-4512 \u00a0| \u00a0<a href=\"mailto:abrooks@mortarnet.com\">abrooks@mortarnet.com<\/a><\/p>\n<p>Associeret til forretningsudvikling - Angela underst\u00f8tter markedsf\u00f8ring af Mortar Net Solutions &amp; #8217; produktlinje ved at sikre rettidig levering af pr\u00f8ver og produktinformation til byggef\u00e6llesskabet, distribut\u00f8rer og salgsteam; styring af virksomhedens database med kontaktforbindelsesadministrator; og hj\u00e6lpe med den daglige salg og kundeservicefunktioner.<\/p>\n<p>Angela er uddannet fra Indiana University NW med en bachelorgrad i forretningsadministration. Hun har forudg\u00e5ende salg og kundeserviceoplevelse i detailmilj\u00f8et. Angela har v\u00e6ret hos Mortar Net Solutions siden marts 2006.<\/p>\n<hr \/>\n<p><img loading=\"lazy\" decoding=\"async\" class=\"wp-image-3102 size-medium alignleft\" src=\"https:\/\/mortarnet.com\/wp-content\/uploads\/2016\/04\/greg-skyta-300x201.jpg\" alt=\"greg-skyta\" width=\"300\" height=\"201\" srcset=\"https:\/\/mortarnet.com\/wp-content\/uploads\/2016\/04\/greg-skyta-300x201.jpg 300w, https:\/\/mortarnet.com\/wp-content\/uploads\/2016\/04\/greg-skyta-768x515.jpg 768w, https:\/\/mortarnet.com\/wp-content\/uploads\/2016\/04\/greg-skyta.jpg 850w\" sizes=\"auto, (max-width: 300px) 100vw, 300px\" \/>\u00a0<a href=\"mailto:gskyta@mortarnet.com?subject=Email%20from%20About%20Us\" target=\"_blank\" rel=\"noopener\">Gregory Skyta<\/a><\/p>\n<p>219-850-4516 \u00a0| \u00a0<a href=\"mailto:gskyta@mortarnet.com\">gskyta@mortarnet.com<\/a><\/p>\n<p>Forretningsudviklingsassistent - Greg hj\u00e6lper virksomhedens salgsteam ved at styre kundeemner og f\u00f8lge aktive byggeprojekter fra den f\u00f8rste specifikationsfase til lukning af salget og udvikler og vedligeholder virksomhedens websted. Greg har v\u00e6ret hos Mortar Net Solutions<sup>\u00a0<\/sup>siden februar 2011.<\/p>\n<p>Greg er uddannet fra Daytona Beach Community College i 2007. Han afsluttede sin Associates of Arts-grad i sit junior- og senior\u00e5r p\u00e5 gymnasiet, hvilket gjorde det muligt for ham at overf\u00f8re direkte til University of Florida som junior. Greg tilbragte 3 \u00e5r i Warrington College of Business Administration-programmet ved University of Florida, hvor han dimitterede i april 2010 med en bachelorgrad i forretningsforvaltning.<\/p>\n<hr \/>\n<p><img loading=\"lazy\" decoding=\"async\" class=\"alignleft wp-image-2971 size-medium\" src=\"https:\/\/mortarnet.com\/wp-content\/uploads\/2016\/04\/nichole-bishop-300x199.jpg\" alt=\"nichole-biskop\" width=\"300\" height=\"199\" srcset=\"https:\/\/mortarnet.com\/wp-content\/uploads\/2016\/04\/nichole-bishop-300x199.jpg 300w, https:\/\/mortarnet.com\/wp-content\/uploads\/2016\/04\/nichole-bishop-768x508.jpg 768w, https:\/\/mortarnet.com\/wp-content\/uploads\/2016\/04\/nichole-bishop-1024x678.jpg 1024w, https:\/\/mortarnet.com\/wp-content\/uploads\/2016\/04\/nichole-bishop.jpg 1183w\" sizes=\"auto, (max-width: 300px) 100vw, 300px\" \/>\u00a0<a href=\"mailto:nbishop@mortarnet.com?subject=Question%20from%20Meet%20the%20Team%20page\" target=\"_blank\" rel=\"noopener\">Nichole Bishop<\/a><\/p>\n<p>219-850-4510 \u00a0| \u00a0<a href=\"mailto:nbishop@mortarnet.com\">nbishop@mortarnet.com<\/a><\/p>\n<p>Regnskabsadministrator - Nichole h\u00e5ndterer tilgodehavender, tilgodehavender, arbejdsordrer og modtagelse af varer. Hun arbejder med lageret for at sikre, at alle ordrer sendes rettidigt. Hun er back-up for kundeservice og arbejder t\u00e6t sammen med Controller for Budgeting, Costing and Inventory Management.<\/p>\n<p>Efter at have arbejdet inden for dentalomr\u00e5det i 10 \u00e5r tilbragte Nichole de f\u00f8lgende 10 \u00e5r med at arbejde i regnskab i produktions- og byggeriindustrien. Nichole blev medlem af Mortar Net-teamet i marts 2015. Hun er kandidat fra Ball State University med en bachelor i naturvidenskabelig grad i regnskab.<\/p>\n<hr \/>\n<p><a href=\"mailto:mstallworth@mortarnet.com\" target=\"_blank\" rel=\"noopener\">Michael Stallworth<\/a><\/p>\n<p>219-850-4509 \u00a0| \u00a0<a href=\"mailto:mstallworth@mortarnet.com\">mstallworth@mortarnet.com<\/a><\/p>\n<p>Marketingassistent &amp; #8211; Michael arbejder med b\u00e5de Marketing Department og Construction Services. Han hj\u00e6lper med at skabe markedsf\u00f8ringssikkerheder og reklamestykker, og han hj\u00e6lper med at administrere virksomhedens kontaktdatabase. Han er ansvarlig for at sende produktpr\u00f8ver til arkitekter, entrepren\u00f8rer og andre og hj\u00e6lper med h\u00e5ndv\u00e6rksstyring. Han er klar til at g\u00e5 videre fra AASCB-akkrediteret Purdue University Calumet i december 2015 med en bachelor i kunst i erhvervslivet. Michael startede med virksomheden i juli 2015. \u201d<\/p>","protected":false},"excerpt":{"rendered":"<p>Tom Sourlis formand og grundl\u00e6gger \u2013 Sourlis ledede driften af Mortar Net Solutions\u2122 fra grundl\u00e6ggelsen indtil 2011 og fungerer i dag som bestyrelsesformand. F\u00f8r Mortar Net Solutions havde Sourlis grundlagt Sourlis Masonry Restoration og arbejdet i n\u00e6sten 25 \u00e5r med at reparere bygninger, der for en stor del var blevet beskadiget af indesp\u00e6rret vand i murv\u00e6rksv\u00e6gge.\u00a0 <a href=\"https:\/\/mortarnet.com\/da\/meet-the-team\/\">Mere info &quot;<\/a><\/p>","protected":false},"author":2,"featured_media":0,"parent":0,"menu_order":0,"comment_status":"closed","ping_status":"closed","template":"","meta":{"_acf_changed":false,"footnotes":""},"class_list":["post-71","page","type-page","status-publish","hentry"],"acf":[],"_links":{"self":[{"href":"https:\/\/mortarnet.com\/da\/wp-json\/wp\/v2\/pages\/71","targetHints":{"allow":["GET"]}}],"collection":[{"href":"https:\/\/mortarnet.com\/da\/wp-json\/wp\/v2\/pages"}],"about":[{"href":"https:\/\/mortarnet.com\/da\/wp-json\/wp\/v2\/types\/page"}],"author":[{"embeddable":true,"href":"https:\/\/mortarnet.com\/da\/wp-json\/wp\/v2\/users\/2"}],"replies":[{"embeddable":true,"href":"https:\/\/mortarnet.com\/da\/wp-json\/wp\/v2\/comments?post=71"}],"version-history":[{"count":0,"href":"https:\/\/mortarnet.com\/da\/wp-json\/wp\/v2\/pages\/71\/revisions"}],"wp:attachment":[{"href":"https:\/\/mortarnet.com\/da\/wp-json\/wp\/v2\/media?parent=71"}],"curies":[{"name":"wp","href":"https:\/\/api.w.org\/{rel}","templated":true}]}}