{"id":70,"date":"2016-04-21T15:19:42","date_gmt":"2016-04-21T20:19:42","guid":{"rendered":"https:\/\/mortarnet.com\/?page_id=70"},"modified":"2016-06-23T09:49:23","modified_gmt":"2016-06-23T14:49:23","slug":"history","status":"publish","type":"page","link":"https:\/\/mortarnet.com\/da\/history\/","title":{"rendered":"Historie"},"content":{"rendered":"<div id=\"main_wrapper\">\n<div id=\"wrapper\">\n<div id=\"content_area\">\n<div class=\"prod_page_right\">\n<div class=\"item-page\">\n<div>\n<p>Mortar Net Solutions \u2122, tidligere Mortar Net<sup>\u00ae <\/sup>USA, Ltd. udvikler, distribuerer og underst\u00f8tter innovative fugtstyringsl\u00f8sninger til murbygning.<\/p>\n<p>Virksomheden blev grundlagt i 1992 af Tom Sourlis og Colin Munro. Sourlis har over 25 \u00e5rs erfaring som murmester med omfattende arkitektuddannelse fra Illinois Institute of Technology, og Munro er en murindustri-ekspert med over 45 \u00e5rs erfaring, herunder forskning, undervisning, teknisk konsultation, fremstilling, markedsf\u00f8ring og entrepren\u00f8rvirksomhed. Han har g\u00e6steforel\u00e6sning p\u00e5 flere universiteter. Han er medlem af AIA, CSI og The Masonry Society, som han tidligere var formand for Komit\u00e9 C-15: Manufactured Masonry Units og er \u00e6resmedlem i Bricklayers &amp; Allied Craftsmen International Union. Han blev for nylig stipendiat til ASTM og modtog deres pris for fortjeneste.<\/p>\n<p>Sourlis vidste, hvor dyrt det er at rive en mur fra hinanden, rydde hulrummet og genopbygge den. Som svar p\u00e5 at se, hvad vandskader kan g\u00f8re p\u00e5 en bygning, opfandt Sourlis MortarNet<sup>\u00a0<\/sup>og patenterede sin evne til at samle m\u00f8rtel p\u00e5 flere niveauer. Han tog konceptet til Munro for at f\u00e5 sin mening. Munro &amp; #8217; s reaktion var, &amp; #8220; Endelig! En reel, brugbar l\u00f8sning p\u00e5 et meget destruktivt problem. &amp; #8221; Denne p\u00e5tegning fra en ekspert, s\u00e5kaldt bred som Munro, hjalp med at fremdrive virksomheden og dens innovative l\u00f8sning fra id\u00e9 til branchef\u00f8rende produkt.<\/p>\n<p>Ud over den patenterede m\u00f8rtelopsamlingsenhed, MortarNet<sup>\u00ae<\/sup>, Mortar Net har udviklet nye propriet\u00e6re l\u00f8sninger til murbygning, der inkluderer TotalFlash<sup>\u00ae<\/sup>, BlockFlash<sup>\u00ae<\/sup>, BlockNet<sup>\u00ae<\/sup>, HouseNet<sup>\u00ae<\/sup>, WallNet \u2122, WeepVent \u2122, CellVent \u2122 og LathNet \u2122. Mortar Net Solutions er ogs\u00e5 et af fem partnerfirmaer, der udvikler og markedsf\u00f8rer CavityComplete-v\u00e6gsystemet. Virksomheden s\u00f8ger konstant at identificere muligheder for at tilf\u00f8je sit produktudbud ved at skabe nye l\u00f8sninger, der forbedrer holdbarheden og sk\u00f8nheden i murbyggeri.<\/p>\n<p>Fra grundl\u00e6ggelsen har virksomheden engageret sig st\u00e6rkt i milj\u00f8ansvar. Genanvendte materialer udg\u00f8r en stor del af Mortar Net Solutions &amp; #8217; Produkter. Forbindelser med lav VOC identificeres og fremmes til brug sammen med virksomhedens produkter. B\u00e6redygtighed er et vigtigt resultat af brug af l\u00f8sninger udviklet af Mortar Net Solutions, der forl\u00e6nger brugstiden for murstrukturer ved at reducere modtageligheden for fugtbeskadigelse og insektangreb.<\/p>\n<p>Fra sine dage som en nyopstartet virksomhed er virksomheden vokset til at omfatte velkvalificerede og erfarne medlemmer af lederne, marketing og tekniske team, der har udviklet og bragt til salg en r\u00e6kke innovative l\u00f8sninger, der fortsat hj\u00e6lper murere og arkitekter i deres engagement i oprettelsen af smukke og holdbare strukturer.<\/p>\n<\/div>\n<\/div>\n<\/div>\n<\/div>\n<\/div>\n<\/div>\n<div id=\"footer-wrapper\"><\/div>","protected":false},"excerpt":{"rendered":"<p>Mortar Net Solutions\u2122, tidligere Mortar Net\u00ae USA, Ltd. udvikler, distribuerer og underst\u00f8tter innovative fugtstyringsl\u00f8sninger til murv\u00e6rk. Virksomheden blev grundlagt i 1992 af Tom Sourlis og Colin Munro. Sourlis har over 25 \u00e5rs erfaring som murer med omfattende arkitektuddannelse fra Illinois Institute of Technology og Munro er en <a href=\"https:\/\/mortarnet.com\/da\/history\/\">Mere info &quot;<\/a><\/p>","protected":false},"author":2,"featured_media":0,"parent":0,"menu_order":0,"comment_status":"closed","ping_status":"closed","template":"page-about.php","meta":{"_acf_changed":false,"footnotes":""},"class_list":["post-70","page","type-page","status-publish","hentry"],"acf":[],"_links":{"self":[{"href":"https:\/\/mortarnet.com\/da\/wp-json\/wp\/v2\/pages\/70","targetHints":{"allow":["GET"]}}],"collection":[{"href":"https:\/\/mortarnet.com\/da\/wp-json\/wp\/v2\/pages"}],"about":[{"href":"https:\/\/mortarnet.com\/da\/wp-json\/wp\/v2\/types\/page"}],"author":[{"embeddable":true,"href":"https:\/\/mortarnet.com\/da\/wp-json\/wp\/v2\/users\/2"}],"replies":[{"embeddable":true,"href":"https:\/\/mortarnet.com\/da\/wp-json\/wp\/v2\/comments?post=70"}],"version-history":[{"count":0,"href":"https:\/\/mortarnet.com\/da\/wp-json\/wp\/v2\/pages\/70\/revisions"}],"wp:attachment":[{"href":"https:\/\/mortarnet.com\/da\/wp-json\/wp\/v2\/media?parent=70"}],"curies":[{"name":"wp","href":"https:\/\/api.w.org\/{rel}","templated":true}]}}