{"id":655,"date":"2016-06-30T18:26:57","date_gmt":"2016-06-30T23:26:57","guid":{"rendered":"https:\/\/mortarnet.com\/?page_id=655"},"modified":"2019-09-20T13:37:36","modified_gmt":"2019-09-20T18:37:36","slug":"webinars","status":"publish","type":"page","link":"https:\/\/mortarnet.com\/da\/webinars\/","title":{"rendered":"webinars"},"content":{"rendered":"<div class=\"embed-container\"><iframe loading=\"lazy\" title=\"Design af vedh\u00e6ftet murv\u00e6rk\" width=\"500\" height=\"281\" src=\"https:\/\/www.youtube.com\/embed\/5CYRTjPOoKQ?feature=oembed\" frameborder=\"0\" allow=\"accelerometer; autoplay; clipboard-write; encrypted-media; gyroscope; picture-in-picture; web-share\" referrerpolicy=\"strict-origin-when-cross-origin\" allowfullscreen><\/iframe><\/div>\n<p><a href=\"http:\/\/www.masoncontractors.org\/education\/on-demand\/7-reasons-to-add-drainage-and-ventilation-planes-to-adhered-masonry-veneer-walls\/\"><img loading=\"lazy\" decoding=\"async\" class=\"alignnone wp-image-3918 size-large\" src=\"https:\/\/mortarnet.com\/wp-content\/uploads\/2016\/06\/7-reasons-to-add-drainage-and-ventilation-planes-to-adhered-masonry-veneer-walls-1024x636.jpg\" alt=\"7 grunde til at tilf\u00f8je dr\u00e6ning og ventilationsplaner til kl\u00e6bede fin\u00e9rv\u00e6gge\" width=\"1024\" height=\"636\" srcset=\"https:\/\/mortarnet.com\/wp-content\/uploads\/2016\/06\/7-reasons-to-add-drainage-and-ventilation-planes-to-adhered-masonry-veneer-walls-1024x636.jpg 1024w, https:\/\/mortarnet.com\/wp-content\/uploads\/2016\/06\/7-reasons-to-add-drainage-and-ventilation-planes-to-adhered-masonry-veneer-walls-300x186.jpg 300w, https:\/\/mortarnet.com\/wp-content\/uploads\/2016\/06\/7-reasons-to-add-drainage-and-ventilation-planes-to-adhered-masonry-veneer-walls-768x477.jpg 768w, https:\/\/mortarnet.com\/wp-content\/uploads\/2016\/06\/7-reasons-to-add-drainage-and-ventilation-planes-to-adhered-masonry-veneer-walls.jpg 1221w\" sizes=\"auto, (max-width: 1024px) 100vw, 1024px\" \/><\/a><\/p>\n<p>https:\/\/youtu.be\/TcuJ9dVM59Y<\/p>","protected":false},"excerpt":{"rendered":"<p>https:\/\/youtu.be\/TcuJ9dVM59Y<\/p>","protected":false},"author":2,"featured_media":0,"parent":0,"menu_order":0,"comment_status":"closed","ping_status":"closed","template":"","meta":{"_acf_changed":false,"footnotes":""},"class_list":["post-655","page","type-page","status-publish","hentry"],"acf":[],"_links":{"self":[{"href":"https:\/\/mortarnet.com\/da\/wp-json\/wp\/v2\/pages\/655","targetHints":{"allow":["GET"]}}],"collection":[{"href":"https:\/\/mortarnet.com\/da\/wp-json\/wp\/v2\/pages"}],"about":[{"href":"https:\/\/mortarnet.com\/da\/wp-json\/wp\/v2\/types\/page"}],"author":[{"embeddable":true,"href":"https:\/\/mortarnet.com\/da\/wp-json\/wp\/v2\/users\/2"}],"replies":[{"embeddable":true,"href":"https:\/\/mortarnet.com\/da\/wp-json\/wp\/v2\/comments?post=655"}],"version-history":[{"count":1,"href":"https:\/\/mortarnet.com\/da\/wp-json\/wp\/v2\/pages\/655\/revisions"}],"predecessor-version":[{"id":4834,"href":"https:\/\/mortarnet.com\/da\/wp-json\/wp\/v2\/pages\/655\/revisions\/4834"}],"wp:attachment":[{"href":"https:\/\/mortarnet.com\/da\/wp-json\/wp\/v2\/media?parent=655"}],"curies":[{"name":"wp","href":"https:\/\/api.w.org\/{rel}","templated":true}]}}