{"id":5555,"date":"2020-10-28T14:30:39","date_gmt":"2020-10-28T19:30:39","guid":{"rendered":"https:\/\/mortarnet.com\/?page_id=5555"},"modified":"2020-10-28T15:09:04","modified_gmt":"2020-10-28T20:09:04","slug":"masonry-instructor-product-pack","status":"publish","type":"page","link":"https:\/\/mortarnet.com\/da\/masonry-instructor-product-pack\/","title":{"rendered":"Produktpakke til murv\u00e6rksinstrukt\u00f8rer"},"content":{"rendered":"<p>Mortar Net Solutions tilbyder murinstrukt\u00f8rer en pr\u00f8vepakke med materiale, der skal bruges til uddannelsesm\u00e6ssige form\u00e5l.<\/p>\n<p>(3) 5 \u2032 Striber af MortarNet med insektbarriere<\/p>\n<p>(3) 5 \u2032 TotalFlash-paneler<\/p>\n<p>(2) Indvendige \/ udvendige hj\u00f8rnest\u00f8vler<\/p>\n<p>(4) Universelle slutd\u00e6mninger<\/p>\n<p>(2) Rustfrit st\u00e5l udenfor hj\u00f8rner<\/p>\n<p>(10) 8 \u2033 BlockFlash med netindsatser<\/p>\n<p>(1) 10 \u2032 strimmel med 1\/4 \u2033 DriPlane<\/p>\n<p>(1) 10 \u2032 strimmel af 1\/4 \u2033 WallNet<\/p>\n<p>Pr\u00f8vepakke med WeepVent og CellVent<\/p>\n<p>(5) Hatte (hvis tilg\u00e6ngelige)<\/p>\n<p>Sortiment af linjeblokke \/ kviste<\/p>\n<p>Mortar Net Solutions Shop Banner<\/p>\n<p>For at anmode om en pr\u00f8vepakke-e-mail Steven Fechino (<a href=\"mailto:sfechino@mortarnet.com\">sfechino@mortarnet.com<\/a>) eller ring 219-850-4514.<\/p>","protected":false},"excerpt":{"rendered":"<p>Mortar Net Solutions tilbyder murerinstrukt\u00f8rer en pr\u00f8vepakke med materiale, der skal bruges til undervisningsform\u00e5l. (3) 5\u2032 strimler af m\u00f8rtelnet med insektsp\u00e6rre (3) 5\u2032 TotalFlash-paneler (2) Indvendige\/udvendige hj\u00f8rnest\u00f8vler (4) Universelle ended\u00e6mninger (2) Udvendige hj\u00f8rner i rustfrit st\u00e5l (10) 8\u2033 BlockFlash med mesh-indsatser (1) ) 10\u2032 strimmel af 1\/4\u2033 DriPlane (1) <a href=\"https:\/\/mortarnet.com\/da\/masonry-instructor-product-pack\/\">Mere info &quot;<\/a><\/p>","protected":false},"author":5,"featured_media":0,"parent":0,"menu_order":0,"comment_status":"closed","ping_status":"closed","template":"template-product-flexible.php","meta":{"_acf_changed":false,"footnotes":""},"class_list":["post-5555","page","type-page","status-publish","hentry"],"acf":[],"_links":{"self":[{"href":"https:\/\/mortarnet.com\/da\/wp-json\/wp\/v2\/pages\/5555","targetHints":{"allow":["GET"]}}],"collection":[{"href":"https:\/\/mortarnet.com\/da\/wp-json\/wp\/v2\/pages"}],"about":[{"href":"https:\/\/mortarnet.com\/da\/wp-json\/wp\/v2\/types\/page"}],"author":[{"embeddable":true,"href":"https:\/\/mortarnet.com\/da\/wp-json\/wp\/v2\/users\/5"}],"replies":[{"embeddable":true,"href":"https:\/\/mortarnet.com\/da\/wp-json\/wp\/v2\/comments?post=5555"}],"version-history":[{"count":5,"href":"https:\/\/mortarnet.com\/da\/wp-json\/wp\/v2\/pages\/5555\/revisions"}],"predecessor-version":[{"id":5560,"href":"https:\/\/mortarnet.com\/da\/wp-json\/wp\/v2\/pages\/5555\/revisions\/5560"}],"wp:attachment":[{"href":"https:\/\/mortarnet.com\/da\/wp-json\/wp\/v2\/media?parent=5555"}],"curies":[{"name":"wp","href":"https:\/\/api.w.org\/{rel}","templated":true}]}}