{"id":543,"date":"2016-06-23T09:30:27","date_gmt":"2016-06-23T14:30:27","guid":{"rendered":"https:\/\/mortarnet.com\/?page_id=543"},"modified":"2016-07-17T14:44:14","modified_gmt":"2016-07-17T19:44:14","slug":"listings-by-state","status":"publish","type":"page","link":"https:\/\/mortarnet.com\/da\/listings-by-state\/","title":{"rendered":"Fortegnelser efter stat"},"content":{"rendered":"<div class=\"page-header\">\n<h4>M\u00f8rtel Net Solutions Repr\u00e6sentanter og distribut\u00f8rer opf\u00f8rt efter stat<\/h4>\n<\/div>\n<div>\n<table class=\"table table-hover\">\n<tbody>\n<tr>\n<td lang=\"\" colspan=\"4\" scope=\"\" valign=\"top\">\n<h3>Forenede Stater<a class=\"wf_file\" href=\"https:\/\/mortarnet.com\/da\/images\/Alabama.pdf\/\" target=\"_blank\"><br \/>\n<\/a><\/h3>\n<\/td>\n<\/tr>\n<tr>\n<td lang=\"\" scope=\"\" valign=\"top\"><a href=\"https:\/\/mortarnet.com\/da\/?ddownload=1491\" target=\"_blank\">Alabama<\/a><\/td>\n<td lang=\"\" scope=\"\" valign=\"top\"><a href=\"https:\/\/mortarnet.com\/da\/?ddownload=1492\" target=\"_blank\">Alaska<\/a><\/td>\n<td lang=\"\" scope=\"\" valign=\"top\"><a href=\"https:\/\/mortarnet.com\/da\/?ddownload=1494\" target=\"_blank\">Arizona<\/a><\/td>\n<td lang=\"\" scope=\"\" valign=\"top\"><a href=\"https:\/\/mortarnet.com\/da\/?ddownload=1495\" target=\"_blank\">Arkansas<\/a><\/td>\n<\/tr>\n<tr>\n<td lang=\"\" scope=\"\" valign=\"top\"><a href=\"https:\/\/mortarnet.com\/da\/?ddownload=1497\" target=\"_blank\">Californien<\/a><\/td>\n<td lang=\"\" scope=\"\" valign=\"top\"><a href=\"https:\/\/mortarnet.com\/da\/?ddownload=1498\" target=\"_blank\">Colorado<\/a><\/td>\n<td lang=\"\" scope=\"\" valign=\"top\"><a href=\"https:\/\/mortarnet.com\/da\/?ddownload=1499\" target=\"_blank\">Connecticut<\/a><\/td>\n<td lang=\"\" scope=\"\" valign=\"top\"><a href=\"https:\/\/mortarnet.com\/da\/?ddownload=1500\" target=\"_blank\">Delaware<\/a><\/td>\n<\/tr>\n<tr>\n<td lang=\"\" scope=\"\" valign=\"top\"><a href=\"https:\/\/mortarnet.com\/da\/?ddownload=1501\" target=\"_blank\">District of Columbia<\/a><\/td>\n<td lang=\"\" scope=\"\" valign=\"top\"><a href=\"https:\/\/mortarnet.com\/da\/?ddownload=1502\" target=\"_blank\">Florida<\/a><\/td>\n<td lang=\"\" scope=\"\" valign=\"top\"><a href=\"https:\/\/mortarnet.com\/da\/?ddownload=1503\" target=\"_blank\">Georgien<\/a><\/td>\n<td lang=\"\" scope=\"\" valign=\"top\"><a href=\"https:\/\/mortarnet.com\/da\/?ddownload=1504\" target=\"_blank\">Idaho<\/a><\/td>\n<\/tr>\n<tr>\n<td lang=\"\" scope=\"\" valign=\"top\"><a href=\"https:\/\/mortarnet.com\/da\/?ddownload=1505\" target=\"_blank\">Illinois<\/a><\/td>\n<td lang=\"\" scope=\"\" valign=\"top\"><a href=\"https:\/\/mortarnet.com\/da\/?ddownload=1506\" target=\"_blank\">Indiana<\/a><\/td>\n<td lang=\"\" scope=\"\" valign=\"top\"><a href=\"https:\/\/mortarnet.com\/da\/?ddownload=1507\" target=\"_blank\">Iowa<\/a><\/td>\n<td lang=\"\" scope=\"\" valign=\"top\"><a href=\"https:\/\/mortarnet.com\/da\/?ddownload=1508\" target=\"_blank\">Kansas<\/a><\/td>\n<\/tr>\n<tr>\n<td lang=\"\" scope=\"\" valign=\"top\"><a href=\"https:\/\/mortarnet.com\/da\/?ddownload=1509\" target=\"_blank\">Kentucky<\/a><\/td>\n<td lang=\"\" scope=\"\" valign=\"top\"><a href=\"https:\/\/mortarnet.com\/da\/?ddownload=1510\" target=\"_blank\">Louisiana<\/a><\/td>\n<td lang=\"\" scope=\"\" valign=\"top\"><a href=\"https:\/\/mortarnet.com\/da\/?ddownload=1511\" target=\"_blank\">Maine<\/a><\/td>\n<td lang=\"\" scope=\"\" valign=\"top\"><a href=\"https:\/\/mortarnet.com\/da\/?ddownload=1513\" target=\"_blank\">Maryland<\/a><\/td>\n<\/tr>\n<tr>\n<td lang=\"\" scope=\"\" valign=\"top\"><a href=\"https:\/\/mortarnet.com\/da\/?ddownload=1514\" target=\"_blank\">Massachusetts<\/a><\/td>\n<td lang=\"\" scope=\"\" valign=\"top\"><a href=\"https:\/\/mortarnet.com\/da\/?ddownload=1515\" target=\"_blank\">Michigan<\/a><\/td>\n<td lang=\"\" scope=\"\" valign=\"top\"><a href=\"https:\/\/mortarnet.com\/da\/?ddownload=1516\" target=\"_blank\">Minnesota<\/a><\/td>\n<td lang=\"\" scope=\"\" valign=\"top\"><a href=\"https:\/\/mortarnet.com\/da\/?ddownload=1517\" target=\"_blank\">Mississippi<\/a><\/td>\n<\/tr>\n<tr>\n<td lang=\"\" scope=\"\" valign=\"top\"><a href=\"https:\/\/mortarnet.com\/da\/?ddownload=1518\" target=\"_blank\">Missouri<\/a><\/td>\n<td lang=\"\" scope=\"\" valign=\"top\"><a href=\"https:\/\/mortarnet.com\/da\/?ddownload=1519\" target=\"_blank\">Montana<\/a><\/td>\n<td lang=\"\" scope=\"\" valign=\"top\"><a href=\"https:\/\/mortarnet.com\/da\/?ddownload=1520\" target=\"_blank\">Nebraska<\/a><\/td>\n<td lang=\"\" scope=\"\" valign=\"top\"><a href=\"https:\/\/mortarnet.com\/da\/?ddownload=1521\" target=\"_blank\">Nevada<\/a><\/td>\n<\/tr>\n<tr>\n<td lang=\"\" scope=\"\" valign=\"top\"><a href=\"https:\/\/mortarnet.com\/da\/?ddownload=1523\" target=\"_blank\">New Hampshire<\/a><\/td>\n<td lang=\"\" scope=\"\" valign=\"top\"><a href=\"https:\/\/mortarnet.com\/da\/?ddownload=1524\" target=\"_blank\">New Jersey<\/a><\/td>\n<td lang=\"\" scope=\"\" valign=\"top\"><a href=\"https:\/\/mortarnet.com\/da\/?ddownload=1525\" target=\"_blank\">Ny mexico<\/a><\/td>\n<td lang=\"\" scope=\"\" valign=\"top\"><a href=\"https:\/\/mortarnet.com\/da\/?ddownload=1526\" target=\"_blank\">New York<\/a><\/td>\n<\/tr>\n<tr>\n<td lang=\"\" scope=\"\" valign=\"top\"><a href=\"https:\/\/mortarnet.com\/da\/?ddownload=1527\" target=\"_blank\">North Carolina<\/a><\/td>\n<td lang=\"\" scope=\"\" valign=\"top\"><a href=\"https:\/\/mortarnet.com\/da\/?ddownload=1529\" target=\"_blank\">Nord Dakota<\/a><\/td>\n<td lang=\"\" scope=\"\" valign=\"top\"><a href=\"https:\/\/mortarnet.com\/da\/?ddownload=1531\" target=\"_blank\">Ohio<\/a><\/td>\n<td lang=\"\" scope=\"\" valign=\"top\"><a href=\"https:\/\/mortarnet.com\/da\/?ddownload=1532\" target=\"_blank\">Oklahoma<\/a><\/td>\n<\/tr>\n<tr>\n<td lang=\"\" scope=\"\" valign=\"top\"><a href=\"https:\/\/mortarnet.com\/da\/?ddownload=1534\" target=\"_blank\">Oregon<\/a><\/td>\n<td lang=\"\" scope=\"\" valign=\"top\"><a href=\"https:\/\/mortarnet.com\/da\/?ddownload=1535\" target=\"_blank\">Pennsylvania<\/a><\/td>\n<td lang=\"\" scope=\"\" valign=\"top\"><a href=\"https:\/\/mortarnet.com\/da\/?ddownload=1537\" target=\"_blank\">Rhode Island<\/a><\/td>\n<td lang=\"\" scope=\"\" valign=\"top\"><a href=\"https:\/\/mortarnet.com\/da\/?ddownload=1539\" target=\"_blank\">South Carolina<\/a><\/td>\n<\/tr>\n<tr>\n<td lang=\"\" scope=\"\" valign=\"top\"><a href=\"https:\/\/mortarnet.com\/da\/?ddownload=1540\" target=\"_blank\">South Dakota<\/a><\/td>\n<td lang=\"\" scope=\"\" valign=\"top\"><a href=\"https:\/\/mortarnet.com\/da\/?ddownload=1541\" target=\"_blank\">Tennessee<\/a><\/td>\n<td lang=\"\" scope=\"\" valign=\"top\"><a href=\"https:\/\/mortarnet.com\/da\/?ddownload=1542\" target=\"_blank\">Texas<\/a><\/td>\n<td lang=\"\" scope=\"\" valign=\"top\"><a href=\"https:\/\/mortarnet.com\/da\/?ddownload=1543\" target=\"_blank\">Utah<\/a><\/td>\n<\/tr>\n<tr>\n<td lang=\"\" scope=\"\" valign=\"top\"><a href=\"https:\/\/mortarnet.com\/da\/?ddownload=1544\" target=\"_blank\">Vermont<\/a><\/td>\n<td lang=\"\" scope=\"\" valign=\"top\"><a href=\"https:\/\/mortarnet.com\/da\/?ddownload=1545\" target=\"_blank\">Virginia<\/a><\/td>\n<td lang=\"\" scope=\"\" valign=\"top\"><a href=\"https:\/\/mortarnet.com\/da\/?ddownload=1546\" target=\"_blank\">Washington<\/a><\/td>\n<td lang=\"\" scope=\"\" valign=\"top\"><a href=\"https:\/\/mortarnet.com\/da\/?ddownload=1547\" target=\"_blank\">West Virginia<\/a><\/td>\n<\/tr>\n<tr>\n<td lang=\"\" scope=\"\" valign=\"top\"><\/td>\n<td lang=\"\" scope=\"\" valign=\"top\"><a href=\"https:\/\/mortarnet.com\/da\/?ddownload=1548\" target=\"_blank\">Wisconsin<\/a><\/td>\n<td lang=\"\" scope=\"\" valign=\"top\"><a href=\"https:\/\/mortarnet.com\/da\/?ddownload=1549\" target=\"_blank\">Wyoming<\/a><\/td>\n<td lang=\"\" scope=\"\" valign=\"top\"><\/td>\n<\/tr>\n<tr>\n<td lang=\"\" colspan=\"4\" scope=\"\" valign=\"top\">\n<h3>Canada<a class=\"wf_file\" href=\"https:\/\/mortarnet.com\/da\/images\/Wisconsin1.pdf\/\" target=\"_blank\"><br \/>\n<\/a><\/h3>\n<\/td>\n<\/tr>\n<tr>\n<td lang=\"\" scope=\"\" valign=\"top\"><a href=\"https:\/\/mortarnet.com\/da\/?ddownload=1493\" target=\"_blank\">Alberta<\/a><\/td>\n<td lang=\"\" scope=\"\" valign=\"top\"><a href=\"https:\/\/mortarnet.com\/da\/?ddownload=1496\" target=\"_blank\">Britisk Columbia<\/a><\/td>\n<td lang=\"\" scope=\"\" valign=\"top\"><a href=\"https:\/\/mortarnet.com\/da\/?ddownload=1512\" target=\"_blank\">Manitoba<\/a><\/td>\n<td lang=\"\" scope=\"\" valign=\"top\"><a href=\"https:\/\/mortarnet.com\/da\/?ddownload=1522\" target=\"_blank\">New Brunswick<\/a><\/td>\n<\/tr>\n<tr>\n<td lang=\"\" scope=\"\" valign=\"top\"><a href=\"https:\/\/mortarnet.com\/da\/?ddownload=1530\" target=\"_blank\">Nova Scotia<\/a><\/td>\n<td lang=\"\" scope=\"\" valign=\"top\"><a href=\"https:\/\/mortarnet.com\/da\/?ddownload=1533\" target=\"_blank\">Ontario<\/a><\/td>\n<td lang=\"\" scope=\"\" valign=\"top\"><a href=\"https:\/\/mortarnet.com\/da\/?ddownload=1536\" target=\"_blank\">Quebec<\/a><\/td>\n<td lang=\"\" scope=\"\" valign=\"top\"><a href=\"https:\/\/mortarnet.com\/da\/?ddownload=1538\" target=\"_blank\">Saskatchewan<\/a><\/td>\n<\/tr>\n<\/tbody>\n<\/table>\n<\/div>","protected":false},"excerpt":{"rendered":"<p>M\u00f8rtel Net Solutions Repr\u00e6sentanter og distribut\u00f8rer opf\u00f8rt af staten USA Canada<\/p>","protected":false},"author":2,"featured_media":0,"parent":0,"menu_order":0,"comment_status":"closed","ping_status":"closed","template":"page-full-width.php","meta":{"_acf_changed":false,"footnotes":""},"class_list":["post-543","page","type-page","status-publish","hentry"],"acf":[],"_links":{"self":[{"href":"https:\/\/mortarnet.com\/da\/wp-json\/wp\/v2\/pages\/543","targetHints":{"allow":["GET"]}}],"collection":[{"href":"https:\/\/mortarnet.com\/da\/wp-json\/wp\/v2\/pages"}],"about":[{"href":"https:\/\/mortarnet.com\/da\/wp-json\/wp\/v2\/types\/page"}],"author":[{"embeddable":true,"href":"https:\/\/mortarnet.com\/da\/wp-json\/wp\/v2\/users\/2"}],"replies":[{"embeddable":true,"href":"https:\/\/mortarnet.com\/da\/wp-json\/wp\/v2\/comments?post=543"}],"version-history":[{"count":0,"href":"https:\/\/mortarnet.com\/da\/wp-json\/wp\/v2\/pages\/543\/revisions"}],"wp:attachment":[{"href":"https:\/\/mortarnet.com\/da\/wp-json\/wp\/v2\/media?parent=543"}],"curies":[{"name":"wp","href":"https:\/\/api.w.org\/{rel}","templated":true}]}}