{"id":49,"date":"2016-04-21T15:11:31","date_gmt":"2016-04-21T20:11:31","guid":{"rendered":"https:\/\/mortarnet.com\/?page_id=49"},"modified":"2024-03-01T12:52:46","modified_gmt":"2024-03-01T18:52:46","slug":"products","status":"publish","type":"page","link":"https:\/\/mortarnet.com\/da\/products\/","title":{"rendered":"Produkter"},"content":{"rendered":"<h3><strong>Mesh-produkter<\/strong><\/h3>\n<ul>\n<li><a href=\"https:\/\/mortarnet.com\/da\/mortarnet-with-insect-barrier\/\">MortarNet<sup>\u00ae<\/sup>\u00a0med Insect Barrier \u2122<\/a><\/li>\n<li><a href=\"https:\/\/mortarnet.com\/da\/walldefender\/\">WallDefender \u2122<\/a><\/li>\n<li><a href=\"https:\/\/mortarnet.com\/da\/housenet\/\">HouseNet<sup>\u00ae<\/sup>\u00a0med Insect Barrier \u2122<\/a><\/li>\n<li><a href=\"https:\/\/mortarnet.com\/da\/weepvent\/\">WeepVent \u2122<\/a> \u00a0| \u00a0<a href=\"https:\/\/mortarnet.com\/da\/cellvent\/\">CellVent \u2122<\/a><\/li>\n<li><a href=\"https:\/\/mortarnet.com\/da\/wallnet\/\">WallNet \u2122<\/a><\/li>\n<\/ul>\n<h3>Metal lath-produkt<\/h3>\n<ul>\n<li><a href=\"https:\/\/mortarnet.com\/da\/lathnet\/\">LathNet \u2122<\/a><\/li>\n<\/ul>\n<h3><strong>Systembaserede produkter<\/strong><\/h3>\n<ul>\n<li><a href=\"https:\/\/mortarnet.com\/da\/totalflash-panel\/\">TotalFlash<sup>\u00ae<\/sup>\u00a0&amp; #8211; Panel<\/a><\/li>\n<li><a href=\"https:\/\/mortarnet.com\/da\/totalflash-roll\/\">TotalFlash<sup>\u00ae<\/sup>\u00a0&amp; #8211; 50 &amp; #8242; Rulle<\/a><\/li>\n<li><a href=\"https:\/\/mortarnet.com\/da\/completeflash\/\">CompleteFlash \u2122 &amp; #8211; 14 &amp; #8243; H\u00f8j hj\u00f8rnest\u00f8vler<\/a><\/li>\n<li><a href=\"https:\/\/mortarnet.com\/da\/completeflash\/\">CompleteFlash \u2122 &amp; #8211; End Dams<\/a><\/li>\n<li><a href=\"https:\/\/mortarnet.com\/da\/btl-1-sealant\/\">BTL-1 Butyl t\u00e6tningsmasse\u00a0<\/a><\/li>\n<li><a href=\"https:\/\/mortarnet.com\/da\/cavitycomplete\/\">CavityComplete \u2122<\/a><\/li>\n<\/ul>\n<h3><strong>Enkelt Wythe-produkter<\/strong><\/h3>\n<ul>\n<li><a href=\"https:\/\/mortarnet.com\/da\/blockflash\/\">BlockFlash<sup>\u00ae<\/sup><\/a><\/li>\n<li><a href=\"https:\/\/mortarnet.com\/da\/blocknet\/\">BlockNet<sup>\u00ae<\/sup><\/a><\/li>\n<\/ul>\n<p>&nbsp;<\/p>","protected":false},"excerpt":{"rendered":"<p>Mesh-produkter MortarNet\u00ae med Insect Barrier\u2122 WallDefender\u2122 HouseNet\u00ae med Insect Barrier\u2122 WeepVent\u2122 | CellVent\u2122 WallNet\u2122 metall\u00e6gteprodukt LathNet\u2122-systembaserede produkter TotalFlash\u00ae \u2013 Panel TotalFlash\u00ae \u2013 50\u2032 Roll CompleteFlash\u2122 \u2013 14\u2033 h\u00f8je hj\u00f8rnest\u00f8vler CompleteFlash\u2122 \u2013 Ended\u00e6mninger BTL-1 Butylforsegling CavityComplete\u2122 Single Wythe-produkter BlockFlash\u00ae BlockNet\u00ae &nbsp;<\/p>","protected":false},"author":2,"featured_media":0,"parent":0,"menu_order":0,"comment_status":"closed","ping_status":"closed","template":"","meta":{"_acf_changed":false,"footnotes":""},"class_list":["post-49","page","type-page","status-publish","hentry"],"acf":[],"_links":{"self":[{"href":"https:\/\/mortarnet.com\/da\/wp-json\/wp\/v2\/pages\/49","targetHints":{"allow":["GET"]}}],"collection":[{"href":"https:\/\/mortarnet.com\/da\/wp-json\/wp\/v2\/pages"}],"about":[{"href":"https:\/\/mortarnet.com\/da\/wp-json\/wp\/v2\/types\/page"}],"author":[{"embeddable":true,"href":"https:\/\/mortarnet.com\/da\/wp-json\/wp\/v2\/users\/2"}],"replies":[{"embeddable":true,"href":"https:\/\/mortarnet.com\/da\/wp-json\/wp\/v2\/comments?post=49"}],"version-history":[{"count":4,"href":"https:\/\/mortarnet.com\/da\/wp-json\/wp\/v2\/pages\/49\/revisions"}],"predecessor-version":[{"id":6694,"href":"https:\/\/mortarnet.com\/da\/wp-json\/wp\/v2\/pages\/49\/revisions\/6694"}],"wp:attachment":[{"href":"https:\/\/mortarnet.com\/da\/wp-json\/wp\/v2\/media?parent=49"}],"curies":[{"name":"wp","href":"https:\/\/api.w.org\/{rel}","templated":true}]}}