{"id":4116,"date":"2018-01-25T09:19:13","date_gmt":"2018-01-25T15:19:13","guid":{"rendered":"https:\/\/mortarnet.com\/?page_id=4116"},"modified":"2021-02-16T10:00:44","modified_gmt":"2021-02-16T16:00:44","slug":"ron-blank-associates","status":"publish","type":"page","link":"https:\/\/mortarnet.com\/da\/ron-blank-associates\/","title":{"rendered":"Ron Blank &amp; #038; Associates"},"content":{"rendered":"<div>\n<h2>Design af vedh\u00e6ftet murv\u00e6rk<\/h2>\n<p><a href=\"https:\/\/www.ronblank.com\/Free_Courses\/Proper-Design-and\" target=\"_blank\" rel=\"noopener\"><img loading=\"lazy\" decoding=\"async\" class=\"alignright wp-image-4118 size-medium\" src=\"https:\/\/mortarnet.com\/wp-content\/uploads\/2018\/01\/rba_aia_-300x174.jpg\" alt=\"ron-blank-associates-kursus\" width=\"300\" height=\"174\" srcset=\"https:\/\/mortarnet.com\/wp-content\/uploads\/2018\/01\/rba_aia_-300x174.jpg 300w, https:\/\/mortarnet.com\/wp-content\/uploads\/2018\/01\/rba_aia_-250x145.jpg 250w, https:\/\/mortarnet.com\/wp-content\/uploads\/2018\/01\/rba_aia_.jpg 310w\" sizes=\"auto, (max-width: 300px) 100vw, 300px\" \/><\/a>Kursusnummer: MOR04C<\/p>\n<p>Kursets titel: Designing Adhered Masonry Veneer<\/p>\n<p>Kursus beskrivelse:<\/p>\n<p>Dette kursus vil bedre informere designeren om forskellene mellem en hulrumsv\u00e6g og en fastgjort murfin\u00e9r. Vi vil ogs\u00e5 unders\u00f8ge produkterne i vedh\u00e6ftede murfiner og d\u00e6kke installationsteknikker, der forbedrer den samlede v\u00e6gpr\u00e6station.<\/p>\n<p>L\u00e6ringsm\u00e5l:<\/p>\n<ol>\n<li>Pr\u00e6senter forskellene mellem en hulrumsv\u00e6g og en fastgjort murv\u00e6rkfiner<\/li>\n<li>Forklar de typiske problemer med forkert installation af vedh\u00e6ftet murfin\u00e9r<\/li>\n<li>Diskuter produkterne, der bruges i kl\u00e6bede fin\u00e9rsystemer<\/li>\n<li>Udforsk installationsteknikker for at forbedre v\u00e6ggens ydeevne<\/li>\n<\/ol>\n<\/div>\n<p><a class=\"btn btn-primary\" href=\"https:\/\/www.ronblank.com\/Free_Courses\/Proper-Design-and\" target=\"_blank\" rel=\"noopener\">Tag dette kursus online<\/a><\/p>","protected":false},"excerpt":{"rendered":"<p>Designing adhered Masonry Finer Kursusnummer: MOR04C Kursustitel: Designing Adhered Masonry Finer Kursusbeskrivelse: Dette kursus vil bedre informere designeren om forskellene mellem en hulmur og en kl\u00e6bet murfiner. Vi vil ogs\u00e5 n\u00e6rmere unders\u00f8ge produkterne i kl\u00e6bte murv\u00e6rksfiner og d\u00e6kke de monteringsteknikker, der generelt forbedrer <a href=\"https:\/\/mortarnet.com\/da\/ron-blank-associates\/\">Mere info &quot;<\/a><\/p>","protected":false},"author":5,"featured_media":0,"parent":0,"menu_order":0,"comment_status":"closed","ping_status":"closed","template":"","meta":{"_acf_changed":false,"footnotes":""},"class_list":["post-4116","page","type-page","status-publish","hentry"],"acf":[],"_links":{"self":[{"href":"https:\/\/mortarnet.com\/da\/wp-json\/wp\/v2\/pages\/4116","targetHints":{"allow":["GET"]}}],"collection":[{"href":"https:\/\/mortarnet.com\/da\/wp-json\/wp\/v2\/pages"}],"about":[{"href":"https:\/\/mortarnet.com\/da\/wp-json\/wp\/v2\/types\/page"}],"author":[{"embeddable":true,"href":"https:\/\/mortarnet.com\/da\/wp-json\/wp\/v2\/users\/5"}],"replies":[{"embeddable":true,"href":"https:\/\/mortarnet.com\/da\/wp-json\/wp\/v2\/comments?post=4116"}],"version-history":[{"count":1,"href":"https:\/\/mortarnet.com\/da\/wp-json\/wp\/v2\/pages\/4116\/revisions"}],"predecessor-version":[{"id":5628,"href":"https:\/\/mortarnet.com\/da\/wp-json\/wp\/v2\/pages\/4116\/revisions\/5628"}],"wp:attachment":[{"href":"https:\/\/mortarnet.com\/da\/wp-json\/wp\/v2\/media?parent=4116"}],"curies":[{"name":"wp","href":"https:\/\/api.w.org\/{rel}","templated":true}]}}