{"id":4107,"date":"2018-01-22T09:28:53","date_gmt":"2018-01-22T15:28:53","guid":{"rendered":"https:\/\/mortarnet.com\/?page_id=4107"},"modified":"2022-06-09T15:19:38","modified_gmt":"2022-06-09T20:19:38","slug":"ron-blank","status":"publish","type":"page","link":"https:\/\/mortarnet.com\/da\/ron-blank\/","title":{"rendered":"Ron Blank &amp; #038; Associates"},"content":{"rendered":"<h2>Korrekt design og montering af kl\u00e6bet murfiner<\/h2>\n<p>Dette kursus vil bedre informere designeren om forskellene mellem en hulmur og en kl\u00e6bet murfiner. Vi vil ogs\u00e5 n\u00e6rmere unders\u00f8ge produkterne i kl\u00e6bte murv\u00e6rksfiner og installationsteknikker, der forbedrer den samlede v\u00e6gydelse<\/p>\n<div class=\"field field-name-field-learning-objectives field-type-text-long field-label-above\">\n<div class=\"field-label\">L\u00e6ringsm\u00e5l:<\/div>\n<div class=\"field-items\">\n<div class=\"field-item even\">\n<div class=\"item-list\">\n<ol class=\"textformatter-list\">\n<li class=\"first\">Sammenlign og kontrast forskellene mellem en hulmur og et kl\u00e6bet murv\u00e6rksfinersystem og afg\u00f8r, hvilken type der bedre beskytter bygningen og beboerne mod elementerne<\/li>\n<li>Forklar de typiske problemer med forkert montering af kl\u00e6bte murv\u00e6rksfiner<\/li>\n<li>Diskuter de produkter, der anvendes i kl\u00e6bte murv\u00e6rksfiner, og specificer et system, der er sikkert, holdbart og forl\u00e6nger bygningens klimask\u00e6rms livscyklus<\/li>\n<li class=\"last\">Forklar korrekte installationsteknikker for at forbedre v\u00e6gydelsen og sikkerheden for b\u00e5de installat\u00f8rer og fremtidige beboere<\/li>\n<\/ol>\n<\/div>\n<\/div>\n<\/div>\n<\/div>\n<div class=\"field field-name-field-design-category field-type-taxonomy-term-reference field-label-above\">\n<div class=\"field-label\">Designkategori (CSI Division):<\/div>\n<div class=\"field-items\">\n<div class=\"field-item even\">(04) Murv\u00e6rk<\/div>\n<\/div>\n<\/div>\n<div class=\"field field-name-field-delivery-format field-type-list-text field-label-above\">\n<div class=\"field-label\">Leveringsformat:<\/div>\n<div class=\"field-items\">\n<div class=\"field-item even\">Fort\u00e6llet video<\/div>\n<\/div>\n<\/div>\n<p><a class=\"btn btn-primary\" href=\"https:\/\/www.ronblank.com\/Free_Courses\/Proper-Design-and\" target=\"_blank\" rel=\"noopener\">Tag dette kursus online<\/a><\/p>","protected":false},"excerpt":{"rendered":"<p>Korrekt design og installation af kl\u00e6bet murfiner Dette kursus vil bedre informere den professionelle designer om forskellene mellem en hulmur og en kl\u00e6bet murfiner. Vi vil ogs\u00e5 n\u00e6rmere unders\u00f8ge produkterne i kl\u00e6bte murv\u00e6rksfiner og installationsteknikker, der forbedrer den samlede v\u00e6gydelse L\u00e6ringsm\u00e5l: Sammenlign og kontrast forskellene <a href=\"https:\/\/mortarnet.com\/da\/ron-blank\/\">Mere info &quot;<\/a><\/p>","protected":false},"author":5,"featured_media":0,"parent":0,"menu_order":0,"comment_status":"closed","ping_status":"closed","template":"","meta":{"_acf_changed":false,"footnotes":""},"class_list":["post-4107","page","type-page","status-publish","hentry"],"acf":[],"_links":{"self":[{"href":"https:\/\/mortarnet.com\/da\/wp-json\/wp\/v2\/pages\/4107","targetHints":{"allow":["GET"]}}],"collection":[{"href":"https:\/\/mortarnet.com\/da\/wp-json\/wp\/v2\/pages"}],"about":[{"href":"https:\/\/mortarnet.com\/da\/wp-json\/wp\/v2\/types\/page"}],"author":[{"embeddable":true,"href":"https:\/\/mortarnet.com\/da\/wp-json\/wp\/v2\/users\/5"}],"replies":[{"embeddable":true,"href":"https:\/\/mortarnet.com\/da\/wp-json\/wp\/v2\/comments?post=4107"}],"version-history":[{"count":2,"href":"https:\/\/mortarnet.com\/da\/wp-json\/wp\/v2\/pages\/4107\/revisions"}],"predecessor-version":[{"id":6234,"href":"https:\/\/mortarnet.com\/da\/wp-json\/wp\/v2\/pages\/4107\/revisions\/6234"}],"wp:attachment":[{"href":"https:\/\/mortarnet.com\/da\/wp-json\/wp\/v2\/media?parent=4107"}],"curies":[{"name":"wp","href":"https:\/\/api.w.org\/{rel}","templated":true}]}}